{"id":10,"date":"2016-10-25T01:48:40","date_gmt":"2016-10-25T01:48:40","guid":{"rendered":"http:\/\/ec2-52-67-105-182.sa-east-1.compute.amazonaws.com\/?page_id=10"},"modified":"2023-06-27T16:29:45","modified_gmt":"2023-06-27T16:29:45","slug":"artigos-e-publicacoes","status":"publish","type":"page","link":"https:\/\/camilaleporace.com.br\/index.php\/artigos-e-publicacoes\/","title":{"rendered":"Artigos sobre Educa\u00e7\u00e3o &#038; Tecnologia"},"content":{"rendered":"<p><a href=\"http:\/\/porvir.org\/iniciativa-sul-africana-aposta-em-parcerias-para-inserir-jovens-no-mercado-de-trabalho\/\" target=\"_blank\" rel=\"noopener noreferrer\">Iniciativa sul-africana aposta em parcerias para inserir jovens no mercado de trabalho<\/a><\/p>\n<p>Projeto Harambee tem mudado a realidade de milhares de jovens em pa\u00eds marcado pelos altos \u00edndices de desemprego e a falta de oportunidades em educa\u00e7\u00e3o.<\/p>\n<p><a href=\"http:\/\/porvir.org\/jogo-criado-na-ufrgs-promove-aventura-pela-historia-da-quimica\/\" target=\"_blank\" rel=\"noopener noreferrer\">Jogo criado na UFRGS promove aventura pela hist\u00f3ria da qu\u00edmica<\/a><\/p>\n<p>Projeto \u00e9 liderado pelo professor de qu\u00edmica Marcelo Eichler e envolve alunos bolsistas do N\u00facleo de Apoio Pedag\u00f3gico \u00e0 Educa\u00e7\u00e3o a Dist\u00e2ncia da universidade.<\/p>\n<p><a href=\"http:\/\/porvir.org\/inteligencia-artificial-museus-querem-se-aproximar-do-visitante\/\" target=\"_blank\" rel=\"noopener noreferrer\">Com intelig\u00eancia artificial, museus querem se aproximar do visitante<\/a><\/p>\n<p>Tecnologia Watson, da IBM, \u00e9 usada em museus; visitantes podem interagir com as exposi\u00e7\u00f5es de formas diferentes, enquanto aprendem.<\/p>\n<p id=\"page-title\" class=\"title\"><a href=\"https:\/\/museudoamanha.org.br\/pt-br\/o-que-o-amanha-tem-ver-com-nossa-alimentacao\" target=\"_blank\" rel=\"noopener noreferrer\">O que o Amanh\u00e3 tem a ver com a nossa alimenta\u00e7\u00e3o?<\/a><\/p>\n<p>Reportagem para o site do Museu do Amanh\u00e3 sobre alimenta\u00e7\u00e3o e sustentabilidade<\/p>\n<p><a href=\"http:\/\/porvir.org\/relatorio-do-nmc-producao-de-conteudo-e-programacao-sao-tendencia\/\" target=\"_blank\" rel=\"noopener noreferrer\">Relat\u00f3rio do NMC: produ\u00e7\u00e3o de conte\u00fado e programa\u00e7\u00e3o s\u00e3o tend\u00eancia<\/a><\/p>\n<p class=\"introducao-post\">Pesquisa sobre uso de tecnologias na educa\u00e7\u00e3o b\u00e1sica antecipa o que deve chegar \u00e0s escolas e salas de aula nos pr\u00f3ximos anos<\/p>\n<p><a href=\"http:\/\/porvir.org\/barreiras-mundo-real-se-mantem-nas-redes-digitais\/\" target=\"_blank\" rel=\"noopener noreferrer\">Barreiras do mundo real se mant\u00eam nas redes digitais<\/a><\/p>\n<p>Reportagem para a qual entrevistei a pesquisadora brit\u00e2nica Sonia Livingstone sobre seu trabalho &#8220;The Class: living and learning in the digital age&#8221;.<\/p>\n<p><a href=\"http:\/\/porvir.org\/diretora-envolve-comunidade-para-transformar-escola-conhecida-como-carandiru\/\" target=\"_blank\" rel=\"noopener noreferrer\">Diretora envolve comunidade para mudar escola conhecida como &#8220;Carandiru&#8221;<\/a><\/p>\n<p>Nesta reportagem, apresento o incr\u00edvel trabalho realizado pela diretora da Escola Municipal Souza Carneiro, no Rio de Janeiro, que transformou o col\u00e9gio que era conhecido pelo nome de um famoso pres\u00eddio.<\/p>\n<p><a href=\"http:\/\/porvir.org\/projeto-britanico-aposta-contato-natureza-para-formar-cidadaos\/\" target=\"_blank\" rel=\"noopener noreferrer\">Projeto brit\u00e2nico aposta no contato com a natureza para formar cidad\u00e3os<\/a><\/p>\n<p>Conhe\u00e7a o Eden Project, localizado em Cornwall, na Inglaterra, e entenda a import\u00e2ncia de colocar as crian\u00e7as em contato com o meio ambiente.<\/p>\n<p><a href=\"http:\/\/porvir.org\/seduzir-para-educar-como-aluno-se-torna-protagonista\/\" target=\"_blank\" rel=\"noopener noreferrer\">Seduzir para educar: como o aluno se torna protagonista?<\/a><\/p>\n<p>Reportagem sobre palestras apresentadas o evento Educa\u00e7\u00e3o 360o.<\/p>\n<p><a href=\"http:\/\/porvir.org\/cursos-de-graduacao-cesar-terao-como-foco-resolucao-de-problemas\/\" target=\"_blank\" rel=\"noopener noreferrer\">Cursos de gradua\u00e7\u00e3o do CESAR ter\u00e3o como foco a resolu\u00e7\u00e3o de problemas<\/a><\/p>\n<p>As ideias inovadoras da faculdade de Recife que quer preparar os jovens para o mercado de trabalho do s\u00e9culo XXI.<\/p>\n<p><a href=\"http:\/\/porvir.org\/jogo-usa-fundamentos-de-programacao-para-desenvolver-habilidades\/\" target=\"_blank\" rel=\"noopener noreferrer\">Jogo ensina fundamentos de programa\u00e7\u00e3o para desenvolver habilidades<\/a><\/p>\n<p>Por meio do Osmo Coding, com um iPad e blocos coloridos as crian\u00e7as podem entrar em contato com a programa\u00e7\u00e3o e, com isso, desenvolver habilidades como a resolu\u00e7\u00e3o de problemas, o trabalho em equipe, a colabora\u00e7\u00e3o.<\/p>\n<p><a href=\"http:\/\/porvir.org\/aplicativo-holandes-transforma-visita-ao-museu-em-aula-interativa\/\" target=\"_blank\" rel=\"noopener noreferrer\">Aplicativo holand\u00eas transforma visita ao Museu em aula interativa<\/a><\/p>\n<p>Como atrair jovens para museus e institui\u00e7\u00f5es culturais? Falar a linguagem deles \u00e9 um bom come\u00e7o, como mostra o Flinckapp.<\/p>\n<p><a href=\"http:\/\/porvir.org\/caixas-se-transformam-em-bibliotecas-moveis-espacos-para-uso-de-tecnologia\/\" target=\"_blank\" rel=\"noopener noreferrer\">Caixas se transformam em bibliotecas m\u00f3veis e espa\u00e7os para uso de tecnologia<\/a><\/p>\n<p>Surpreenda-se com essa&nbsp;cria\u00e7\u00e3o&nbsp;que leva educa\u00e7\u00e3o, cultura e esperan\u00e7a a refugiados, em&nbsp;lugares remotos, atingidos por guerras, de dif\u00edcil acesso.<\/p>\n<p><a href=\"http:\/\/porvir.org\/projeto-transforma-leva-esporte-para-todas-aulas\/\" target=\"_blank\" rel=\"noopener noreferrer\">Projeto leva o esporte para todas as aulas<\/a><\/p>\n<p>Como o Transforma contribuiu para aproximar as escolas dos temas das Olimp\u00edadas e Paral\u00edmpiadas e, principalmente, dos valores disseminados por essas competi\u00e7\u00f5es.<\/p>\n<p><a href=\"mailto:http:\/\/bit.ly\/1k9TxwH\" target=\"_blank\" rel=\"noopener noreferrer\"><span style=\"font-weight: 400;\">TDAH: um caso de sucesso<\/span><\/a><\/p>\n<p><a href=\"https:\/\/camilaleporace.com.br\/index.php\/2022\/05\/03\/tdah-quando-nao-compreendido-um-transtorno\/\" target=\"_blank\" rel=\"noopener noreferrer\">TDAH: quando n\u00e3o compreendido, um transtorno<\/a><\/p>\n","protected":false},"excerpt":{"rendered":"<p>Iniciativa sul-africana aposta em parcerias para inserir jovens no mercado de trabalho Projeto Harambee tem mudado a realidade de milhares de jovens em pa\u00eds marcado pelos altos \u00edndices de desemprego <a class=\"more-link\" href=\"https:\/\/camilaleporace.com.br\/index.php\/artigos-e-publicacoes\/\">Read More &#8230;<\/a><\/p>\n","protected":false},"author":1,"featured_media":491,"parent":0,"menu_order":0,"comment_status":"closed","ping_status":"closed","template":"","meta":{"footnotes":""},"class_list":["post-10","page","type-page","status-publish","has-post-thumbnail","hentry"],"_links":{"self":[{"href":"https:\/\/camilaleporace.com.br\/index.php\/wp-json\/wp\/v2\/pages\/10"}],"collection":[{"href":"https:\/\/camilaleporace.com.br\/index.php\/wp-json\/wp\/v2\/pages"}],"about":[{"href":"https:\/\/camilaleporace.com.br\/index.php\/wp-json\/wp\/v2\/types\/page"}],"author":[{"embeddable":true,"href":"https:\/\/camilaleporace.com.br\/index.php\/wp-json\/wp\/v2\/users\/1"}],"replies":[{"embeddable":true,"href":"https:\/\/camilaleporace.com.br\/index.php\/wp-json\/wp\/v2\/comments?post=10"}],"version-history":[{"count":8,"href":"https:\/\/camilaleporace.com.br\/index.php\/wp-json\/wp\/v2\/pages\/10\/revisions"}],"predecessor-version":[{"id":2678,"href":"https:\/\/camilaleporace.com.br\/index.php\/wp-json\/wp\/v2\/pages\/10\/revisions\/2678"}],"wp:featuredmedia":[{"embeddable":true,"href":"https:\/\/camilaleporace.com.br\/index.php\/wp-json\/"}],"wp:attachment":[{"href":"https:\/\/camilaleporace.com.br\/index.php\/wp-json\/wp\/v2\/media?parent=10"}],"curies":[{"name":"wp","href":"https:\/\/api.w.org\/{rel}","templated":true}]}}