{"id":1062,"date":"2019-12-22T15:26:30","date_gmt":"2019-12-22T15:26:30","guid":{"rendered":"http:\/\/camilaleporace.com.br\/?page_id=1062"},"modified":"2026-03-04T14:45:30","modified_gmt":"2026-03-04T14:45:30","slug":"livros","status":"publish","type":"page","link":"https:\/\/camilaleporace.com.br\/index.php\/livros\/","title":{"rendered":"Publica\u00e7\u00f5es\/Publications"},"content":{"rendered":"\n<p><a href=\"https:\/\/lojahucitec.com.br\/produto\/algoritmosfera-a-cognicao-humana-e-a-inteligencia-artificial-camila-de-paoli-leporace\/\"><strong>Algoritmosfera &#8211; A cogni\u00e7\u00e3o humana e a intelig\u00eancia artificial (PUC-Rio e Hucitec, 2024)<\/strong><\/a><\/p>\n\n\n\n<figure class=\"wp-block-image size-large is-resized\"><a href=\"https:\/\/camilaleporace.com.br\/wp-content\/uploads\/2024\/06\/image.png\" target=\"_blank\" rel=\"noopener\"><img loading=\"lazy\" decoding=\"async\" width=\"670\" height=\"1024\" src=\"https:\/\/camilaleporace.com.br\/wp-content\/uploads\/2024\/06\/image-670x1024.png\" alt=\"\" class=\"wp-image-2964\" style=\"width:159px;height:auto\" srcset=\"https:\/\/camilaleporace.com.br\/wp-content\/uploads\/2024\/06\/image-670x1024.png 670w, https:\/\/camilaleporace.com.br\/wp-content\/uploads\/2024\/06\/image-196x300.png 196w, https:\/\/camilaleporace.com.br\/wp-content\/uploads\/2024\/06\/image-768x1174.png 768w, https:\/\/camilaleporace.com.br\/wp-content\/uploads\/2024\/06\/image-1005x1536.png 1005w, https:\/\/camilaleporace.com.br\/wp-content\/uploads\/2024\/06\/image-1339x2048.png 1339w, https:\/\/camilaleporace.com.br\/wp-content\/uploads\/2024\/06\/image-98x150.png 98w, https:\/\/camilaleporace.com.br\/wp-content\/uploads\/2024\/06\/image.png 1669w\" sizes=\"(max-width: 670px) 100vw, 670px\" \/><\/a><\/figure>\n\n\n\n<p><strong>Minha tese<\/strong> &#8211; <a aria-label=\"Machine Learning e a Aprendizagem de M\u00e1quina - Uma an\u00e1lise a partir do Enativismo (opens in a new tab)\" href=\"https:\/\/www.maxwell.vrac.puc-rio.br\/61821\/61821.PDF\" target=\"_blank\" rel=\"noreferrer noopener\">Machine Learning e a Aprendizagem de M\u00e1quina &#8211; Uma an\u00e1lise a partir do Enativismo<\/a><\/p>\n\n\n\n<p><strong>Minha disserta\u00e7\u00e3o<\/strong> &#8211; <a rel=\"noreferrer noopener\" aria-label=\"Somos todos ciborgues: a tese da mente estendida e as tecnologias digitais na educa\u00e7\u00e3o (opens in a new tab)\" href=\"https:\/\/www.maxwell.vrac.puc-rio.br\/46584\/46584.PDF\" target=\"_blank\">Somos todos ciborgues: a tese da mente estendida e as tecnologias digitais na educa\u00e7\u00e3o<\/a><\/p>\n\n\n\n<h2 class=\"wp-block-heading\"><strong>Livro organizado<\/strong><\/h2>\n\n\n\n<p><a href=\"http:\/\/lattes.cnpq.br\/1501945864740505\" target=\"_blank\" rel=\"noreferrer noopener\">LEPORACE, C. P.<\/a>; BANNELL, R. I. (Org.); RODRIGUES, E. M. S. (Org.) &amp; SANTOS, E. J. R. (Org.) <em>A Mente Humana para Al\u00e9m do C\u00e9rebro &#8211; Perspectivas a Partir dos 4Es da Cogni\u00e7\u00e3o<\/em>. 1. ed. Coimbra: Universidade de Coimbra, 2019. v. 1. 174 p. <\/p>\n\n\n\n<h2 class=\"wp-block-heading\"><strong>Artigos<\/strong><\/h2>\n\n\n\n<p><strong>LEPORACE, Camila De Paoli<\/strong>. <a href=\"https:\/\/devireducacao.ded.ufla.br\/index.php\/DEVIR\/article\/view\/1115\" data-type=\"link\" data-id=\"https:\/\/devireducacao.ded.ufla.br\/index.php\/DEVIR\/article\/view\/1115\" target=\"_blank\" rel=\"noreferrer noopener\">Cogni\u00e7\u00e3o e intelig\u00eancia artificial: entre a ci\u00eancia, a aprendizagem e a experi\u00eancia. <\/a>Devir Educa\u00e7\u00e3o (UFLA), v.1, p. 1-18, 2026. <\/p>\n\n\n\n<p><strong><a href=\"http:\/\/lattes.cnpq.br\/1501945864740505\" target=\"_blank\" rel=\"noreferrer noopener\">LEPORACE, Camila De Paoli<\/a><\/strong>. <a href=\"https:\/\/revistas.usp.br\/comueduc\/pt_BR\/article\/view\/223490\" data-type=\"link\" data-id=\"https:\/\/revistas.usp.br\/comueduc\/pt_BR\/article\/view\/223490\">M\u00e1quinas de ensinar anal\u00f3gicas: as precursoras da intelig\u00eancia artificial na aprendizagem<\/a>. Comunica\u00e7\u00e3o e Educa\u00e7\u00e3o (USP), v. 29, n.01, p. 95-109, 2024. <\/p>\n\n\n\n<p><strong>LEPORACE, Camila De Paoli<\/strong>. <a href=\"https:\/\/revistas.rcaap.pt\/rpe\/article\/view\/23877\" data-type=\"link\" data-id=\"https:\/\/revistas.rcaap.pt\/rpe\/article\/view\/23877\" target=\"_blank\" rel=\"noreferrer noopener\">O que os computadores continuam n\u00e3o conseguindo fazer, cinquenta anos depois: a aprendizagem sob a perspectiva da fenomenologia do cotidiano de Hubert Dreyfus<\/a>. REVISTA PORTUGUESA DE EDUCA\u00c7\u00c3O, v. 35, p. 5-23, 2022<\/p>\n\n\n\n<p><strong>LEPORACE, Camila De Paoli<\/strong>. <a href=\"https:\/\/periodicos.ufpe.br\/revistas\/perspectivafilosofica\/article\/view\/252618\/42992\" data-type=\"link\" data-id=\"https:\/\/periodicos.ufpe.br\/revistas\/perspectivafilosofica\/article\/view\/252618\/42992\" target=\"_blank\" rel=\"noreferrer noopener\">Another brick in the wall: Threats to our autonomy as sense-makers when dealing with machine learning systems. <\/a><em>Perspectiva Filos\u00f3fica (UFPE)<\/em>, v. 49, p. 200-230, 2022\u00a0Meio de divulga\u00e7\u00e3o: MEIO_DIGITAL.\u00a0ISSN\/ISBN: 01046454 <a href=\"https:\/\/periodicos.ufpe.br\/revistas\/perspectivafilosofica\/article\/view\/252618\">Leia<\/a><\/p>\n\n\n\n<p><strong>LEPORACE, C.<\/strong> &amp; GONDIN, V. C. <a href=\"https:\/\/educacaoonline.edu.puc-rio.br\/index.php\/eduonline\/article\/view\/1053\" data-type=\"link\" data-id=\"https:\/\/educacaoonline.edu.puc-rio.br\/index.php\/eduonline\/article\/view\/1053\" target=\"_blank\" rel=\"noreferrer noopener\">Experimentar o mundo a partir do corpo: est\u00e9tica como uma dimens\u00e3o da cogni\u00e7\u00e3o humana<\/a>. <em>Educa\u00e7\u00e3o On-Line<\/em>, Rio de Janeiro, v. 16, n. 38, set-dez 2021, pp. 227-244. <a href=\"http:\/\/educacaoonline.edu.puc-rio.br\/index.php\/eduonline\/article\/view\/1053\">Leia<\/a><\/p>\n\n\n\n<h2 class=\"wp-block-heading\"><strong>Cap\u00edtulos de livros publicado<\/strong>s <\/h2>\n\n\n\n<p>BANNELL, R.I.; <strong>LEPORACE, C. P<\/strong>. &amp; SANTOS, E. J. R.; Por um novo paradigma para a cogni\u00e7\u00e3o e a aprendizagem. In: <em>Deseducando a Educa\u00e7\u00e3o &#8211; Mentes, Materialidades e Met\u00e1foras<\/em>. 1ed. Rio de Janeiro: PUC-Rio, 2021, p. 15-38. <a href=\"http:\/\/www.editora.puc-rio.br\/media\/Deseducando_a_educacao_ebook%20(1).pdf\">Baixe e leia gratuitamente<\/a> no site da editora PUC-Rio<\/p>\n\n\n\n<p>SANTOS, E. J. R. ; BANNELL, R. I<strong>. ;&nbsp;LEPORACE, C. P.<\/strong>&nbsp;Screen Time, Temporality and (Dis)embodiment. In: OLIVEIRA, L. (Org.). <em>Managing Screen Time in an Online Society<\/em>. 1ed.Aveiro: IGI Global, 2019, v. 1, p. 46-77.<\/p>\n\n\n\n<p><strong>LEPORACE, C. P..<\/strong> Espelhos do mundo? Uma perspectiva da percep\u00e7\u00e3o humana a partir das ideias da mente enativa e da mente estendida. In: LEPORACE, C. P; BANNELL, R. I.; RODRIGUES, E.; SANTOS, E. J. R. S.. (Org.). <em>A Mente Humana para Al\u00e9m do C\u00e9rebro &#8211; Perspectivas a partir dos 4Es da Cogni\u00e7\u00e3o<\/em>. 1ed.Coimbra: Universidade de Coimbra, 2019, v.1, p. 37-59.<\/p>\n\n\n\n<p>TEIXEIRA, M. O. O. ;&nbsp;<strong>LEPORACE, C. P.<\/strong>&nbsp;; FONSECA, V. C. G. . Tecnologias transparentes? Uma an\u00e1lise do Google Drive em busca de affordances para pessoas cegas. In: LEPORACE, C.P.; BANNELL, R. I.; RODRIGUES, E.; SANTOS, E. J.. (Org.). <em>A Mente Humana para Al\u00e9m do C\u00e9rebro &#8211; Perspectivas a partir dos 4Es da Cogni\u00e7\u00e3o.<\/em> 1ed.Coimbra: Universidade de Coimbra, 2019, v. 1, p. 157-174.<\/p>\n\n\n\n<p>SANTOS, E. J. R. ;&nbsp;<strong>LEPORACE, C. P.<\/strong>&nbsp;. Os corpos digitais de Descartes. In: NOVAES, J. V. e NOVAES, J. V. (Org.) <em>O corpo que nos possui: corporeidade e suas conex\u00f5es<\/em>. 1ed.Curitiba: Appris, 2018, v. 1, p. 119-135.<\/p>\n\n\n\n<h2 class=\"wp-block-heading\"><strong>Tradu\u00e7\u00f5es\/<em>Translations<\/em><\/strong> <em>(EN-Brazilian Portuguese)<\/em><\/h2>\n\n\n\n<p>Traduzi artigos de Andy Clark, Ezequiel Di Paolo, Dan Zahavi, Shaun Gallagher &amp; Rob Lindgren, Mark Johnson e Michael Reddy para o livro &#8220;Deseducando a Educa\u00e7\u00e3o&#8221; (PUC-Rio, 2021)<\/p>\n\n\n\n<p><em>I have translated articles from Andy Clark, Ezequiel Di Paolo, Dan Zahavi, Shaun Gallagher &amp; Rob Lindgren, Mark Johnson and Michael Reddy for the book &#8220;Deseducando a Educa\u00e7\u00e3o&#8221; (PUC-Rio, 2021)<\/em><\/p>\n\n\n\n<p>LEPORACE, C. P. (Andy Clark\/Cognitive technology &#8211; Beyond the naked brain) Tecnologia cognitiva: Para al\u00e9m do c\u00e9rebro nu. RIO DE JANEIRO: PUC-Rio, 2021.<\/p>\n\n\n\n<p>LEPORACE, C. P. (Dan Zahavi\/Phenomenology and the problem(s) of intersubjectivity) A fenomenologia e o(s) problema(s) da intersubjetividade. RIO DE JANEIRO: PUC-Rio, 2021.<\/p>\n\n\n\n<p>LEPORACE, C. P. (Mark Johnson\/The Embodiment of Language) A corporifica\u00e7\u00e3o da linguagem. RIO DE JANEIRO: PUC-Rio, 2021. <\/p>\n\n\n\n<p>LEPORACE, C. P. (Shaun Gallagher &amp; Robb Lindgren\/Enactive Metaphors: Learning Through Full-Body Engagement) Met\u00e1foras enativas: aprendendo por meio de um engajamento com todo o corpo. RIO DE JANEIRO: PUC-Rio, 2021. <\/p>\n\n\n\n<p>NOVAES, F. C.; LEPORACE, C. P. A Met\u00e1fora do Canal: um caso de conflito de enquadramento na nossa linguagem sobre a linguagem (Michael J. Reddy\/The conduit metaphor: A case of frame conflict in our language about language). RIO DE JANEIRO: PUC-Rio, 2021.<\/p>\n\n\n\n<p>NOVAES, F. C.; LEPORACE, C. P. (Ezequiel Di Paolo\/Enative Conception of Life) A concep\u00e7\u00e3o enativa da vida. RIO DE JANEIRO: PUC-Rio, 2021. <\/p>\n\n\n\n<p><\/p>\n\n\n\n<p><\/p>\n","protected":false},"excerpt":{"rendered":"<p>Algoritmosfera &#8211; A cogni\u00e7\u00e3o humana e a intelig\u00eancia artificial (PUC-Rio e Hucitec, 2024) Minha tese &#8211; Machine Learning e a Aprendizagem de M\u00e1quina &#8211; Uma an\u00e1lise a partir do Enativismo <a class=\"more-link\" href=\"https:\/\/camilaleporace.com.br\/index.php\/livros\/\">Read More &#8230;<\/a><\/p>\n","protected":false},"author":1,"featured_media":0,"parent":0,"menu_order":0,"comment_status":"closed","ping_status":"closed","template":"","meta":{"footnotes":""},"class_list":["post-1062","page","type-page","status-publish","hentry"],"_links":{"self":[{"href":"https:\/\/camilaleporace.com.br\/index.php\/wp-json\/wp\/v2\/pages\/1062"}],"collection":[{"href":"https:\/\/camilaleporace.com.br\/index.php\/wp-json\/wp\/v2\/pages"}],"about":[{"href":"https:\/\/camilaleporace.com.br\/index.php\/wp-json\/wp\/v2\/types\/page"}],"author":[{"embeddable":true,"href":"https:\/\/camilaleporace.com.br\/index.php\/wp-json\/wp\/v2\/users\/1"}],"replies":[{"embeddable":true,"href":"https:\/\/camilaleporace.com.br\/index.php\/wp-json\/wp\/v2\/comments?post=1062"}],"version-history":[{"count":40,"href":"https:\/\/camilaleporace.com.br\/index.php\/wp-json\/wp\/v2\/pages\/1062\/revisions"}],"predecessor-version":[{"id":3231,"href":"https:\/\/camilaleporace.com.br\/index.php\/wp-json\/wp\/v2\/pages\/1062\/revisions\/3231"}],"wp:attachment":[{"href":"https:\/\/camilaleporace.com.br\/index.php\/wp-json\/wp\/v2\/media?parent=1062"}],"curies":[{"name":"wp","href":"https:\/\/api.w.org\/{rel}","templated":true}]}}