{"id":1275,"date":"2020-07-13T23:02:40","date_gmt":"2020-07-13T23:02:40","guid":{"rendered":"http:\/\/camilaleporace.com.br\/?page_id=1275"},"modified":"2025-12-02T20:13:59","modified_gmt":"2025-12-02T20:13:59","slug":"palestras-e-apresentacoes","status":"publish","type":"page","link":"https:\/\/camilaleporace.com.br\/index.php\/palestras-e-apresentacoes\/","title":{"rendered":"Palestras"},"content":{"rendered":"\n<p><a href=\"https:\/\/www.canva.com\/design\/DAGt_wZCnIM\/E9ApTUqe_BLlXAdKwo9X-A\/view?utm_content=DAGt_wZCnIM&amp;utm_campaign=designshare&amp;utm_medium=link2&amp;utm_source=uniquelinks&amp;utlId=h75660635de\">Portif\u00f3lio de palestras e apresenta\u00e7\u00f5es<\/a><\/p>\n\n\n\n<p>Participa\u00e7\u00e3o na mesa Intelig\u00eancia Artificial e Cogni\u00e7\u00e3o &#8211; Semin\u00e1rio Confiabilidade Informacional, 2 de dezembro de 2025<\/p>\n\n\n\n<figure class=\"wp-block-embed is-type-video is-provider-youtube wp-block-embed-youtube wp-embed-aspect-16-9 wp-has-aspect-ratio\"><div class=\"wp-block-embed__wrapper\">\n<iframe loading=\"lazy\" title=\"Mesa 02: Intelig\u00eancia Artificial e Cogni\u00e7\u00e3o - Semin\u00e1rio de Confiablidade Informacional 2025\" width=\"690\" height=\"388\" src=\"https:\/\/www.youtube.com\/embed\/P4NLknGDoAo?feature=oembed\" frameborder=\"0\" allow=\"accelerometer; autoplay; clipboard-write; encrypted-media; gyroscope; picture-in-picture; web-share\" referrerpolicy=\"strict-origin-when-cross-origin\" allowfullscreen><\/iframe>\n<\/div><\/figure>\n\n\n\n<p>Palestra no IEEE Entrepreneurship AI Pioneer Summit, setembro de 2025<\/p>\n\n\n\n<figure class=\"wp-block-embed is-type-video is-provider-youtube wp-block-embed-youtube wp-embed-aspect-16-9 wp-has-aspect-ratio\"><div class=\"wp-block-embed__wrapper\">\n<iframe loading=\"lazy\" title=\"Can AI Truly Complement Human Learning? A Dialogue with Camila Leporace\" width=\"690\" height=\"388\" src=\"https:\/\/www.youtube.com\/embed\/xnXCgOTIYBQ?feature=oembed\" frameborder=\"0\" allow=\"accelerometer; autoplay; clipboard-write; encrypted-media; gyroscope; picture-in-picture; web-share\" referrerpolicy=\"strict-origin-when-cross-origin\" allowfullscreen><\/iframe>\n<\/div><\/figure>\n\n\n\n<p><\/p>\n\n\n\n<p><a href=\"https:\/\/www.facebook.com\/centroculturalpenedosaudade\/videos\/1765928370620924\/?locale=pt_BR\" data-type=\"link\" data-id=\"https:\/\/www.facebook.com\/centroculturalpenedosaudade\/videos\/1765928370620924\/?locale=pt_BR\">Centro Cultural Penedo da Saudade, Coimbra, Portugal, abril de 2025<\/a><\/p>\n\n\n\n<p>Aqu\u00e1rio Edu, Casa Firjan, Rio de Janeiro, abril de 2025<\/p>\n\n\n\n<figure class=\"wp-block-embed is-type-video is-provider-youtube wp-block-embed-youtube wp-embed-aspect-16-9 wp-has-aspect-ratio\"><div class=\"wp-block-embed__wrapper\">\n<iframe loading=\"lazy\" title=\"Que dados s\u00e3o esses? Educa\u00e7\u00e3o algor\u00edtmica e alertas \u00e9ticos | Aqu\u00e1rio Edu Casa Firjan\" width=\"690\" height=\"388\" src=\"https:\/\/www.youtube.com\/embed\/6cm_6T2kMy0?feature=oembed\" frameborder=\"0\" allow=\"accelerometer; autoplay; clipboard-write; encrypted-media; gyroscope; picture-in-picture; web-share\" referrerpolicy=\"strict-origin-when-cross-origin\" allowfullscreen><\/iframe>\n<\/div><\/figure>\n\n\n\n<p>Live de lan\u00e7amento do Guia Edutecia de IA na Educa\u00e7\u00e3o<\/p>\n\n\n\n<figure class=\"wp-block-embed is-type-video is-provider-youtube wp-block-embed-youtube wp-embed-aspect-16-9 wp-has-aspect-ratio\"><div class=\"wp-block-embed__wrapper\">\n<iframe loading=\"lazy\" title=\"\ud83d\udd34 LIVE de Lan\u00e7amento: Guia sobre IA na Educa\u00e7\u00e3o - Publica\u00e7\u00e3o Edutecia\" width=\"690\" height=\"388\" src=\"https:\/\/www.youtube.com\/embed\/k_GRXoDeR-U?start=1&#038;feature=oembed\" frameborder=\"0\" allow=\"accelerometer; autoplay; clipboard-write; encrypted-media; gyroscope; picture-in-picture; web-share\" referrerpolicy=\"strict-origin-when-cross-origin\" allowfullscreen><\/iframe>\n<\/div><\/figure>\n\n\n\n<p>TEDx Niter\u00f3i, junho de 2024<\/p>\n\n\n\n<figure class=\"wp-block-embed is-type-video is-provider-youtube wp-block-embed-youtube wp-embed-aspect-16-9 wp-has-aspect-ratio\"><div class=\"wp-block-embed__wrapper\">\n<iframe loading=\"lazy\" title=\"O poder humano na era da Intelig\u00eancia Artificial | Camila Leporace | TEDxNiteroi\" width=\"690\" height=\"388\" src=\"https:\/\/www.youtube.com\/embed\/nsZipzx6Nxo?feature=oembed\" frameborder=\"0\" allow=\"accelerometer; autoplay; clipboard-write; encrypted-media; gyroscope; picture-in-picture; web-share\" referrerpolicy=\"strict-origin-when-cross-origin\" allowfullscreen><\/iframe>\n<\/div><\/figure>\n\n\n\n<p>Palestra pelo canal da Unicarioca, 18 de junho de 2024<\/p>\n\n\n\n<figure class=\"wp-block-embed is-type-video is-provider-youtube wp-block-embed-youtube wp-embed-aspect-16-9 wp-has-aspect-ratio\"><div class=\"wp-block-embed__wrapper\">\n<iframe loading=\"lazy\" title=\"Desafios e Oportunidades da Intelig\u00eancia Artificial na Educa\u00e7\u00e3o.\" width=\"690\" height=\"388\" src=\"https:\/\/www.youtube.com\/embed\/4nGFqv7eQIA?feature=oembed\" frameborder=\"0\" allow=\"accelerometer; autoplay; clipboard-write; encrypted-media; gyroscope; picture-in-picture; web-share\" referrerpolicy=\"strict-origin-when-cross-origin\" allowfullscreen><\/iframe>\n<\/div><\/figure>\n\n\n\n<p>Palestra para o Col\u00e9gio Ao Cubo, 30 de outubro de 2023<\/p>\n\n\n\n<figure class=\"wp-block-embed is-type-video is-provider-youtube wp-block-embed-youtube wp-embed-aspect-16-9 wp-has-aspect-ratio\"><div class=\"wp-block-embed__wrapper\">\n<iframe loading=\"lazy\" title=\"Escola da Fam\u00edlia\u00b3 - Um rob\u00f4 na fam\u00edlia? Educa\u00e7\u00e3o parental em tempos de Intelig\u00eancia Artificial\" width=\"690\" height=\"388\" src=\"https:\/\/www.youtube.com\/embed\/Q3ZVfQaqfpQ?feature=oembed\" frameborder=\"0\" allow=\"accelerometer; autoplay; clipboard-write; encrypted-media; gyroscope; picture-in-picture; web-share\" referrerpolicy=\"strict-origin-when-cross-origin\" allowfullscreen><\/iframe>\n<\/div><\/figure>\n\n\n\n<p>Palestra para a Universidade Federal de Pernambuco, 26 de outubro de 2023<\/p>\n\n\n\n<figure class=\"wp-block-embed is-type-video is-provider-youtube wp-block-embed-youtube wp-embed-aspect-16-9 wp-has-aspect-ratio\"><div class=\"wp-block-embed__wrapper\">\n<iframe loading=\"lazy\" title=\"Fazendo sentido de um mundo do algor\u00edtimo: uma leitura enativista da IA, Camila Leporace\" width=\"690\" height=\"388\" src=\"https:\/\/www.youtube.com\/embed\/3eFiYrNnyuU?feature=oembed\" frameborder=\"0\" allow=\"accelerometer; autoplay; clipboard-write; encrypted-media; gyroscope; picture-in-picture; web-share\" referrerpolicy=\"strict-origin-when-cross-origin\" allowfullscreen><\/iframe>\n<\/div><\/figure>\n\n\n\n<p>Aula pelo canal Mentorizar, 18 de setembro de 2023<\/p>\n\n\n\n<figure class=\"wp-block-embed is-type-video is-provider-youtube wp-block-embed-youtube wp-embed-aspect-16-9 wp-has-aspect-ratio\"><div class=\"wp-block-embed__wrapper\">\n<iframe loading=\"lazy\" title=\"O (futuro) hoje da educa\u00e7\u00e3o com a Intelig\u00eancia Artificial\" width=\"690\" height=\"388\" src=\"https:\/\/www.youtube.com\/embed\/MH-Cs8qR3yM?feature=oembed\" frameborder=\"0\" allow=\"accelerometer; autoplay; clipboard-write; encrypted-media; gyroscope; picture-in-picture; web-share\" referrerpolicy=\"strict-origin-when-cross-origin\" allowfullscreen><\/iframe>\n<\/div><\/figure>\n\n\n\n<p>Palestra &#8220;Uma intera\u00e7\u00e3o com um chatbot \u00e9 mesmo uma intera\u00e7\u00e3o?&#8221; a convite do Programa de P\u00f3s-Gradua\u00e7\u00e3o em L\u00f3gica e Metaf\u00edsica da UFRJ,  31 de maio de 2023<\/p>\n\n\n\n<figure class=\"wp-block-embed is-type-video is-provider-youtube wp-block-embed-youtube wp-embed-aspect-16-9 wp-has-aspect-ratio\"><div class=\"wp-block-embed__wrapper\">\n<iframe loading=\"lazy\" title=\"Workshop de Filosofia e Intelig\u00eancia Artificial | Camila Leporace (PUC-Rio)\" width=\"690\" height=\"388\" src=\"https:\/\/www.youtube.com\/embed\/2SdyI3Wih5c?feature=oembed\" frameborder=\"0\" allow=\"accelerometer; autoplay; clipboard-write; encrypted-media; gyroscope; picture-in-picture; web-share\" referrerpolicy=\"strict-origin-when-cross-origin\" allowfullscreen><\/iframe>\n<\/div><\/figure>\n\n\n\n<p>Apresenta\u00e7\u00e3o &#8220;M\u00e1quinas que aprendem? Investigando o significado de aprendizagem em machine learning a partir da perspectiva enativista\/corporificada&#8221;, a convite do encontro II Jornadas Enativistas, organizado pelo prof. Dr. Eros Carvalho (UFRGS)<\/p>\n\n\n\n<figure class=\"wp-block-embed is-type-video is-provider-youtube wp-block-embed-youtube wp-embed-aspect-16-9 wp-has-aspect-ratio\"><div class=\"wp-block-embed__wrapper\">\n<iframe loading=\"lazy\" title=\"II Jornadas Enativistas:  M\u00e1quinas que aprendem?\" width=\"690\" height=\"388\" src=\"https:\/\/www.youtube.com\/embed\/2iDD4DiDdk8?feature=oembed\" frameborder=\"0\" allow=\"accelerometer; autoplay; clipboard-write; encrypted-media; gyroscope; picture-in-picture; web-share\" referrerpolicy=\"strict-origin-when-cross-origin\" allowfullscreen><\/iframe>\n<\/div><\/figure>\n\n\n\n<p>Entrevista com o cientista cognitivo e fil\u00f3sofo Andy Clark<\/p>\n\n\n\n<figure class=\"wp-block-embed is-type-video is-provider-youtube wp-block-embed-youtube wp-embed-aspect-16-9 wp-has-aspect-ratio\"><div class=\"wp-block-embed__wrapper\">\n<iframe loading=\"lazy\" title=\"Andy Clark: A mente estendida e processos preditivos e suas implica\u00e7\u00f5es para a aprendizagem\" width=\"690\" height=\"388\" src=\"https:\/\/www.youtube.com\/embed\/lqWLVQ1zoRQ?feature=oembed\" frameborder=\"0\" allow=\"accelerometer; autoplay; clipboard-write; encrypted-media; gyroscope; picture-in-picture; web-share\" referrerpolicy=\"strict-origin-when-cross-origin\" allowfullscreen><\/iframe>\n<\/div><\/figure>\n\n\n\n<p>Entrevista com o cientista cognitivo e fil\u00f3sofo Ezequiel Di Paolo<\/p>\n\n\n\n<figure class=\"wp-block-embed is-type-video is-provider-youtube wp-block-embed-youtube wp-embed-aspect-16-9 wp-has-aspect-ratio\"><div class=\"wp-block-embed__wrapper\">\n<iframe loading=\"lazy\" title=\"Ezequiel Di Paolo - A mente enativa: conceitos e an\u00e1lises pertinentes \u00e0 educa\u00e7\u00e3o\" width=\"690\" height=\"388\" src=\"https:\/\/www.youtube.com\/embed\/q7_7IFNka18?feature=oembed\" frameborder=\"0\" allow=\"accelerometer; autoplay; clipboard-write; encrypted-media; gyroscope; picture-in-picture; web-share\" referrerpolicy=\"strict-origin-when-cross-origin\" allowfullscreen><\/iframe>\n<\/div><\/figure>\n\n\n\n<p>Apresenta\u00e7\u00e3o feita no 5o Congreso Latinoamericano de Filosof\u00eda de La Educaci\u00f3n: &#8220;As tecnologias de intelig\u00eancia artificial \u00e0 luz da filosofia da educa\u00e7\u00e3o&#8221;, maio de 2021<\/p>\n\n\n\n<figure class=\"wp-block-embed is-type-video is-provider-youtube wp-block-embed-youtube wp-embed-aspect-16-9 wp-has-aspect-ratio\"><div class=\"wp-block-embed__wrapper\">\n<iframe loading=\"lazy\" title=\"Apresenta\u00e7\u00e3o ALFE 2021\" width=\"690\" height=\"388\" src=\"https:\/\/www.youtube.com\/embed\/mAawvy5z_BE?feature=oembed\" frameborder=\"0\" allow=\"accelerometer; autoplay; clipboard-write; encrypted-media; gyroscope; picture-in-picture; web-share\" referrerpolicy=\"strict-origin-when-cross-origin\" allowfullscreen><\/iframe>\n<\/div><\/figure>\n\n\n\n<p>Aula ministrada no X Curso de Ver\u00e3o em Neuroci\u00eancias do INCog &#8211; PUC-Rio <\/p>\n\n\n\n<figure class=\"wp-block-embed is-type-video is-provider-youtube wp-block-embed-youtube wp-embed-aspect-16-9 wp-has-aspect-ratio\"><div class=\"wp-block-embed__wrapper\">\n<iframe loading=\"lazy\" title=\"X CURSO DE VER\u00c3O - EM NEUROCI\u00caNCIA COMPORTAMENTAL\" width=\"690\" height=\"388\" src=\"https:\/\/www.youtube.com\/embed\/xZwmSIxFN_M?feature=oembed\" frameborder=\"0\" allow=\"accelerometer; autoplay; clipboard-write; encrypted-media; gyroscope; picture-in-picture; web-share\" referrerpolicy=\"strict-origin-when-cross-origin\" allowfullscreen><\/iframe>\n<\/div><\/figure>\n\n\n\n<p>Participa\u00e7\u00e3o no Ladies that UX &#8211; Rio de Janeiro (evento sobre Experi\u00eancia do Usu\u00e1rio na Internet (UX &#8211; User Experience), agosto de 2020<\/p>\n\n\n\n<figure class=\"wp-block-embed is-type-rich is-provider-embed-handler wp-block-embed-embed-handler wp-embed-aspect-16-9 wp-has-aspect-ratio\"><div class=\"wp-block-embed__wrapper\">\n<iframe loading=\"lazy\" title=\"LTUX Rio: Painel Descontruindo UX - \u00c1reas de atua\u00e7\u00e3o e o potencial de UX\" width=\"690\" height=\"388\" src=\"https:\/\/www.youtube.com\/embed\/stkWp06fWhs?feature=oembed\" frameborder=\"0\" allow=\"accelerometer; autoplay; clipboard-write; encrypted-media; gyroscope; picture-in-picture; web-share\" referrerpolicy=\"strict-origin-when-cross-origin\" allowfullscreen><\/iframe>\n<\/div><\/figure>\n\n\n\n\n\n<p><strong>Entrevista<\/strong> sobre Intelig\u00eancia Artificial para a TV PUC-Rio \/ Julho de 2020<\/p>\n\n\n\n<figure class=\"wp-block-embed is-type-rich is-provider-embed-handler wp-block-embed-embed-handler wp-embed-aspect-16-9 wp-has-aspect-ratio\"><div class=\"wp-block-embed__wrapper\">\n<iframe loading=\"lazy\" title=\"E agora? | Live 13 | Intelig\u00eancia artificial e internet das coisas\" width=\"690\" height=\"388\" src=\"https:\/\/www.youtube.com\/embed\/7SITaybcm3g?feature=oembed\" frameborder=\"0\" allow=\"accelerometer; autoplay; clipboard-write; encrypted-media; gyroscope; picture-in-picture; web-share\" referrerpolicy=\"strict-origin-when-cross-origin\" allowfullscreen><\/iframe>\n<\/div><\/figure>\n\n\n\n\n\n<p>Palestra sobre desafios do ensino online \/ Social Pedagogy Association \/ July 2020<\/p>\n\n\n\n<figure class=\"wp-block-embed is-type-video is-provider-youtube wp-block-embed-youtube wp-embed-aspect-16-9 wp-has-aspect-ratio\"><div class=\"wp-block-embed__wrapper\">\n<iframe loading=\"lazy\" title=\"How does distance impact education and what can we do about that\" width=\"690\" height=\"388\" src=\"https:\/\/www.youtube.com\/embed\/wVarkkyBekc?feature=oembed\" frameborder=\"0\" allow=\"accelerometer; autoplay; clipboard-write; encrypted-media; gyroscope; picture-in-picture; web-share\" referrerpolicy=\"strict-origin-when-cross-origin\" allowfullscreen><\/iframe>\n<\/div><\/figure>\n\n\n\n<p><strong>Palestra <\/strong>para a Escola Superior Jo\u00e3o de Deus, em Lisboa, sobre os desafios da educa\u00e7\u00e3o a dist\u00e2ncia pela internet \/ Maio de 2020 <\/p>\n\n\n\n<iframe loading=\"lazy\" width=\"560\" height=\"315\" src=\"https:\/\/www.youtube.com\/embed\/WabpKC5hP1Y\" frameborder=\"0\" allow=\"accelerometer; autoplay; encrypted-media; gyroscope; picture-in-picture\" allowfullscreen><\/iframe>\n\n\n\n<iframe loading=\"lazy\" width=\"560\" height=\"315\" src=\"https:\/\/www.youtube.com\/embed\/HumgGc57_Kw\" frameborder=\"0\" allow=\"accelerometer; autoplay; encrypted-media; gyroscope; picture-in-picture\" allowfullscreen><\/iframe>\n\n\n\n<iframe loading=\"lazy\" width=\"560\" height=\"315\" src=\"https:\/\/www.youtube.com\/embed\/IRecTElABnc\" frameborder=\"0\" allow=\"accelerometer; autoplay; encrypted-media; gyroscope; picture-in-picture\" allowfullscreen><\/iframe>\n\n\n\n<iframe loading=\"lazy\" width=\"560\" height=\"315\" src=\"https:\/\/www.youtube.com\/embed\/TjR60iDittc\" frameborder=\"0\" allow=\"accelerometer; autoplay; encrypted-media; gyroscope; picture-in-picture\" allowfullscreen><\/iframe>\n\n\n\n<p><strong>Workshop<\/strong> Curadoria Cognitiva Centrada no Desenvolvimento \/Coimbra, Portugal, novembro de 2019 &#8211; Saiba mais <a rel=\"noreferrer noopener\" aria-label=\"aqui (opens in a new tab)\" href=\"https:\/\/camilaleporace.com.br\/index.php\/workshop-curadoria-cognitiva-organizacional-centrada-no-envelhecimento\/\" target=\"_blank\">aqui<\/a><\/p>\n\n\n\n<p><a rel=\"noreferrer noopener\" aria-label=\"Palestra Descartes Digitais com o prof. Eduardo Santos, PUC-Rio, 2017 (opens in a new tab)\" href=\"https:\/\/www.facebook.com\/watch\/live\/?v=802479869906728&amp;ref=watch_permalink\" target=\"_blank\">Palestra Descartes Digitais com o prof. Eduardo Santos, PUC-Rio, 2017<\/a> (clique no link para assistir no Facebook)<\/p>\n\n\n\n<p><\/p>\n","protected":false},"excerpt":{"rendered":"<p>Portif\u00f3lio de palestras e apresenta\u00e7\u00f5es Participa\u00e7\u00e3o na mesa Intelig\u00eancia Artificial e Cogni\u00e7\u00e3o &#8211; Semin\u00e1rio Confiabilidade Informacional, 2 de dezembro de 2025 Palestra no IEEE Entrepreneurship AI Pioneer Summit, setembro de <a class=\"more-link\" href=\"https:\/\/camilaleporace.com.br\/index.php\/palestras-e-apresentacoes\/\">Read More &#8230;<\/a><\/p>\n","protected":false},"author":1,"featured_media":0,"parent":0,"menu_order":0,"comment_status":"closed","ping_status":"closed","template":"","meta":{"footnotes":""},"class_list":["post-1275","page","type-page","status-publish","hentry"],"_links":{"self":[{"href":"https:\/\/camilaleporace.com.br\/index.php\/wp-json\/wp\/v2\/pages\/1275"}],"collection":[{"href":"https:\/\/camilaleporace.com.br\/index.php\/wp-json\/wp\/v2\/pages"}],"about":[{"href":"https:\/\/camilaleporace.com.br\/index.php\/wp-json\/wp\/v2\/types\/page"}],"author":[{"embeddable":true,"href":"https:\/\/camilaleporace.com.br\/index.php\/wp-json\/wp\/v2\/users\/1"}],"replies":[{"embeddable":true,"href":"https:\/\/camilaleporace.com.br\/index.php\/wp-json\/wp\/v2\/comments?post=1275"}],"version-history":[{"count":45,"href":"https:\/\/camilaleporace.com.br\/index.php\/wp-json\/wp\/v2\/pages\/1275\/revisions"}],"predecessor-version":[{"id":3197,"href":"https:\/\/camilaleporace.com.br\/index.php\/wp-json\/wp\/v2\/pages\/1275\/revisions\/3197"}],"wp:attachment":[{"href":"https:\/\/camilaleporace.com.br\/index.php\/wp-json\/wp\/v2\/media?parent=1275"}],"curies":[{"name":"wp","href":"https:\/\/api.w.org\/{rel}","templated":true}]}}