{"id":13,"date":"2016-10-25T01:49:14","date_gmt":"2016-10-25T01:49:14","guid":{"rendered":"http:\/\/ec2-52-67-105-182.sa-east-1.compute.amazonaws.com\/?page_id=13"},"modified":"2021-02-16T00:57:12","modified_gmt":"2021-02-16T00:57:12","slug":"portfolio","status":"publish","type":"page","link":"https:\/\/camilaleporace.com.br\/index.php\/portfolio\/","title":{"rendered":"Projetos"},"content":{"rendered":"<h2><span style=\"color: #808080;\"><strong>Principais projetos que desenvolvi em Educa\u00e7\u00e3o &amp; Tecnologia<\/strong><\/span><\/h2>\n<ul>\n<li>Consultoria de conte\u00fado para trilhas online de aprendizagem sobre compet\u00eancias sociais, emocionais e cognitivas para a plataforma Ismart Online, do <strong><a href=\"http:\/\/www.ismart.org.br\/\" target=\"_blank\" rel=\"noopener noreferrer\">Instituto Ismart&nbsp; <\/a><\/strong>(para alunos do oitavo ano do Fundamental ao terceiro ano do Ensino M\u00e9dio); desde 2018.<\/li>\n<li><a href=\"https:\/\/camilaleporace.com.br\/index.php\/workshop-curadoria-cognitiva-organizacional-centrada-no-envelhecimento\/\" target=\"_blank\" rel=\"noopener noreferrer\">Workshop\/Oficina &#8216;Curadoria cognitiva organizacional centrada no envelhecimento<\/a>&#8216;, ministrada em Portugal em novembro de 2019 ao lado do prof. Dr. Eduardo Santos (Univ. de Coimbra).<\/li>\n<li>Consultoria e desenvolvimento de conte\u00fado para o curso online sobre como desenvolver aplicativos na plataforma MIT App Inventor, para o <strong><a href=\"http:\/\/www.ismart.org.br\/\" target=\"_blank\" rel=\"noopener noreferrer\">Instituto Ismart.<\/a><\/strong><\/li>\n<li>Planejamento e produ\u00e7\u00e3o de conte\u00fado relacionado a compet\u00eancias sociais, emocionais e cognitivas como Pensamento Cr\u00edtico, Identidade\/Gerenciamento de Carreira e Colabora\u00e7\u00e3o, em parceria com os <a href=\"https:\/\/camilaleporace.com.br\/index.php\/parceiros\/\" target=\"_blank\" rel=\"noopener noreferrer\">professores Eduardo Santos &#8211; Portugal, Brett Brosseit &#8211; EUA<\/a> e Fabio Brotto &#8211; Brasil, para as trilhas de aprendizagem da startup Tamboro (para alunos de gradua\u00e7\u00e3o, de diversas \u00e1reas, de diversas universidades do Brasil).<\/li>\n<li>Artigos em educa\u00e7\u00e3o e tecnologias digitais para o site <strong><a href=\"http:\/\/porvir.org\" target=\"_blank\" rel=\"noopener noreferrer\">Porvir<\/a><\/strong> (<strong><a href=\"https:\/\/camilaleporace.com.br\/index.php\/artigos-e-publicacoes\/\">clique<\/a><\/strong> para ler alguns dos textos).<\/li>\n<li>Design Instrucional para cursos online de MBA do <strong>Ibmec<\/strong> (veja um conte\u00fado de demonstra\u00e7\u00e3o <strong><a href=\"https:\/\/camilaleporace.com.br\/wp-content\/uploads\/2020\/05\/ibmec-sample-cleporace.pdf\">aqui<\/a><\/strong>).<\/li>\n<li>Comunica\u00e7\u00e3o digital para o projeto de educa\u00e7\u00e3o ambiental <em>De Olho no Clima<\/em>, do <strong>British Council.<\/strong><\/li>\n<li>Consultoria (plataformas digitais\/AVAs\/conte\u00fado\/experi\u00eancia do usu\u00e1rio) para projetos da <strong>Funda\u00e7\u00e3o Roberto Marinho,<\/strong> como Ol\u00e1! Turista (veja a<strong><a href=\"https:\/\/camilaleporace.com.br\/wp-content\/uploads\/2020\/05\/livro_aluno_frm_ola-turista.pdf\">qui<\/a><\/strong> o guia do aluno que redigi e editei a partir da consultoria para um dos AVAs) e Telecurso Matem\u00e1tica.<\/li>\n<\/ul>\n<h2><span style=\"color: #808080;\"><strong>P<\/strong><strong>rojetos em Comunica\u00e7\u00e3o, Conte\u00fado, Arquitetura de Informa\u00e7\u00e3o &amp; User Experience<\/strong><\/span><\/h2>\n<ul>\n<li>Reda\u00e7\u00e3o de textos para os livretos <strong><a href=\"https:\/\/camilaleporace.com.br\/wp-content\/uploads\/2020\/06\/Livro-de-Receita-MDA_final_PT.pdf\" target=\"_blank\" rel=\"noopener noreferrer\"><em>Receitas do Amanh\u00e3 <\/em><\/a><\/strong><strong><em>e Museu do Amanh\u00e3 On Tour<\/em>,<\/strong> do Museu do Amanh\u00e3.<\/li>\n<li>Consultoria digital para o Projeto <a href=\"https:\/\/www.youtube.com\/watch?v=KX4O32a5gqY\" target=\"_blank\" rel=\"noopener noreferrer\">Agenda 21 Comperj da <strong>Petrobras.<\/strong><\/a><\/li>\n<li><strong>Coordena\u00e7\u00e3o dos projetos <a href=\"https:\/\/acervo.oglobo.globo.com\/\">Acervo O GLOBO,<\/a>&nbsp;<a href=\"http:\/\/memoria.oglobo.globo.com\/\">Mem\u00f3ria O GLOBO <\/a><\/strong>e O Livreiro, na Infoglobo.<\/li>\n<li>Reda\u00e7\u00e3o de conte\u00fado, consultoria para migra\u00e7\u00e3o de plataforma e consultoria em marketing digital para o site <strong><a href=\"http:\/\/www.opiniaoenoticia.com.br\" target=\"_blank\" rel=\"noopener noreferrer\">Opini\u00e3o &amp; Not\u00edcia.<\/a><\/strong><\/li>\n<\/ul>\n","protected":false},"excerpt":{"rendered":"<p>Principais projetos que desenvolvi em Educa\u00e7\u00e3o &amp; Tecnologia Consultoria de conte\u00fado para trilhas online de aprendizagem sobre compet\u00eancias sociais, emocionais e cognitivas para a plataforma Ismart Online, do Instituto Ismart&nbsp; <a class=\"more-link\" href=\"https:\/\/camilaleporace.com.br\/index.php\/portfolio\/\">Read More &#8230;<\/a><\/p>\n","protected":false},"author":1,"featured_media":516,"parent":0,"menu_order":0,"comment_status":"closed","ping_status":"closed","template":"","meta":{"footnotes":""},"class_list":["post-13","page","type-page","status-publish","has-post-thumbnail","hentry"],"_links":{"self":[{"href":"https:\/\/camilaleporace.com.br\/index.php\/wp-json\/wp\/v2\/pages\/13"}],"collection":[{"href":"https:\/\/camilaleporace.com.br\/index.php\/wp-json\/wp\/v2\/pages"}],"about":[{"href":"https:\/\/camilaleporace.com.br\/index.php\/wp-json\/wp\/v2\/types\/page"}],"author":[{"embeddable":true,"href":"https:\/\/camilaleporace.com.br\/index.php\/wp-json\/wp\/v2\/users\/1"}],"replies":[{"embeddable":true,"href":"https:\/\/camilaleporace.com.br\/index.php\/wp-json\/wp\/v2\/comments?post=13"}],"version-history":[{"count":33,"href":"https:\/\/camilaleporace.com.br\/index.php\/wp-json\/wp\/v2\/pages\/13\/revisions"}],"predecessor-version":[{"id":1788,"href":"https:\/\/camilaleporace.com.br\/index.php\/wp-json\/wp\/v2\/pages\/13\/revisions\/1788"}],"wp:featuredmedia":[{"embeddable":true,"href":"https:\/\/camilaleporace.com.br\/index.php\/wp-json\/"}],"wp:attachment":[{"href":"https:\/\/camilaleporace.com.br\/index.php\/wp-json\/wp\/v2\/media?parent=13"}],"curies":[{"name":"wp","href":"https:\/\/api.w.org\/{rel}","templated":true}]}}