{"id":1309,"date":"2020-07-28T22:43:22","date_gmt":"2020-07-28T22:43:22","guid":{"rendered":"http:\/\/camilaleporace.com.br\/?page_id=1309"},"modified":"2025-11-25T20:20:26","modified_gmt":"2025-11-25T20:20:26","slug":"parceiros","status":"publish","type":"page","link":"https:\/\/camilaleporace.com.br\/index.php\/parceiros\/","title":{"rendered":"Parceiros"},"content":{"rendered":"\n<h2 class=\"wp-block-heading\"><strong>ETD &#8211; ESCOLA DA TRANSFORMA\u00c7\u00c3O DIGITAL<\/strong><\/h2>\n\n\n\n<p>A ETD \u00e9 uma ag\u00eancia de professores, palestrantes e mentores especializados em transforma\u00e7\u00e3o digital e neg\u00f3cios. Oferecemos palestras e formac\u00f5es in-company; palestras para escolas; projetos customizados de acordo coma s demandas de cada cliente. <\/p>\n\n\n\n<p><a href=\"https:\/\/escolatd.com.br\/\" data-type=\"link\" data-id=\"https:\/\/escolatd.com.br\/\" target=\"_blank\" rel=\"noreferrer noopener\">Acesse o site<\/a><\/p>\n\n\n\n<p><a href=\"https:\/\/camilaleporace.com.br\/index.php\/2025\/11\/25\/etd-schools-formacao-em-ia-para-educadores\/\" data-type=\"link\" data-id=\"https:\/\/camilaleporace.com.br\/index.php\/2025\/11\/25\/etd-schools-formacao-em-ia-para-educadores\/\" target=\"_blank\" rel=\"noreferrer noopener\">Conhe\u00e7a o nosso projeto de IA na educa\u00e7\u00e3o ETD Schools<\/a><\/p>\n\n\n\n<h2 class=\"wp-block-heading\">Prof. Dr. <a rel=\"noreferrer noopener\" aria-label=\"Ralph Bannell (opens in a new tab)\" href=\"http:\/\/lattes.cnpq.br\/1672240438808894\" target=\"_blank\">Ralph Bannell<\/a><\/h2>\n\n\n\n<h3 class=\"wp-block-heading\"><em>Professor, Doutor em Filosofia, Consultor<\/em><\/h3>\n\n\n\n<p><strong>Mini CV <\/strong>&#8211; &nbsp;Ralph Bannell tem gradua\u00e7\u00e3o em Filosofia pela University Of Stirling, Esc\u00f3cia e a University of Berkeley, EUA (1980), mestrado e doutorado em Social and Political Thought pela University of Sussex (1991). \u00c9 professor associado do Departamento de Educa\u00e7\u00e3o da Pontif\u00edcia Universidade Cat\u00f3lica do Rio de Janeiro desde 2001. Foi Diretor do Departamento entre 2014 &#8211; 2018. <\/p>\n\n\n\n<p><strong>Oportunidades de colabora\u00e7\u00e3o<\/strong> &#8211; Consultorias, cursos e palestras em educa\u00e7\u00e3o e filosofia da tecnologia; parcerias para livros, artigos, grupos de pesquisa; parcerias para projetos de v\u00e1rias naturezas.<\/p>\n\n\n\n<h2 class=\"wp-block-heading\">Prof. Me. Isa Lopes<\/h2>\n\n\n\n<h3 class=\"wp-block-heading\"><strong><em>Mestre em Mem\u00f3ria Social, Consultora em Educa\u00e7\u00e3o<\/em><\/strong><\/h3>\n\n\n\n<p><strong>Parceria<\/strong> &#8211; Trabalhei com a Isa Lopes em diversos projetos, especialmente na Funda\u00e7\u00e3o Roberto Marinho, e hoje oferecemos consultoria, palestras e oficinas em educa\u00e7\u00e3o para jovens e adultos. <\/p>\n\n\n\n<p><strong>Mini CV<\/strong> &#8211; Pedagoga e Professora com ampla experi\u00eancia profissional em programas de forma\u00e7\u00e3o e qualifica\u00e7\u00e3o profissional tanto na educa\u00e7\u00e3o presencial quanto a dist\u00e2ncia. Mestre em Mem\u00f3ria Social pela UNIRIO. Durante 20 anos atuou como Professora e Coordenadora do Ensino Fundamental em escolas relevantes do Rio de Janeiro, como Escola Parque, Centro Educacional An\u00edsio Teixeira e Escola Eliezer Max Nordau. Aos 40 anos, buscando uma virada profissional, tornou-se professora universit\u00e1ria e coordenadora pedag\u00f3gica em organiza\u00e7\u00f5es do 3\u00ba setor. Na Funda\u00e7\u00e3o Roberto Marinho, atuou na forma\u00e7\u00e3o de professores do Ensino M\u00e9dio. Foi consultora, tutora e desenvolvedora de cursos em organiza\u00e7\u00f5es como SENAC e IBMEC. Tem artigos e livros publicados, al\u00e9m de ter um projeto vencedor no Pr\u00eamio Mais Movimento, realizado pelo Programa das Na\u00e7\u00f5es Unidas para o Desenvolvimento (PNUD) no Brasil. Atualmente e h\u00e1 mais de 10 anos atua como especialista em educa\u00e7\u00e3o do Instituto Coca-Cola Brasil em programa que tem como objetivo a empregabilidade de jovens em situa\u00e7\u00e3o de vulnerabilidade social que buscam seu primeiro emprego. Tem muito interesse pelo tema de tecnologias na educa\u00e7\u00e3o e, em sua longa carreira, tem acompanhado com aten\u00e7\u00e3o os desafios e oportunidades de incorpora\u00e7\u00e3o das novas tecnologias no ensino, um dos principais debates da educa\u00e7\u00e3o na atualidade que envolve certezas, mas tamb\u00e9m desconfian\u00e7a e desafios para todos\/as envolvidos na educa\u00e7\u00e3o de jovens.<\/p>\n\n\n\n<p><strong>Oportunidades de colabora\u00e7\u00e3o <\/strong>&#8211; Consultoria, palestras, cursos, workshops, tutoria, mentoria, organiza\u00e7\u00e3o e coautoria de livros, planifica\u00e7\u00e3o de aulas, projetos em gest\u00e3o e avalia\u00e7\u00e3o escolar, entre outros.<br><\/p>\n\n\n\n<h2 class=\"wp-block-heading\">Prof. Dra. Margareth Olegario<\/h2>\n\n\n\n<h3 class=\"wp-block-heading\"><strong><em>Doutora em Educa\u00e7\u00e3o, Consultora &amp; Especialista em Acessibilidade<\/em><\/strong><em> Digital<\/em><\/h3>\n\n\n\n<p><strong>Parceria<\/strong> &#8211; Oferecemos consultoria em acessibilidade para projetos digitais \u2013 apps, sites, ambientes virtuais de aprendizagem etc. Escrevemos juntas um dos cap\u00edtulos do livro que organizei, <em><a href=\"https:\/\/www.uc.pt\/fpce\/IPCDHS\/Actividades\/A_Mente_Humana_para_Alem_do_Cerebro.pdf\">A Mente Humana para Al\u00e9m do C\u00e9rebro<\/a><\/em> (tamb\u00e9m com a participa\u00e7\u00e3o de nossa colega pesquisadora Vit\u00f3ria Gondin) \u2013 que trata da acessibilidade de aplicativos digitais para pessoas cegas. <\/p>\n\n\n\n<p><strong>Mini CV<\/strong> &#8211; Doutora em Educa\u00e7\u00e3o pela Pontif\u00edcia Universidade Cat\u00f3lica do Rio de Janeiro (PUC-Rio\/Brasil, \u00e9 mestra em educa\u00e7\u00e3o pela Universidade Federal do Estado do Rio de Janeiro (UNIRIO\/Brasil), psicopedagoga pela PUC-Rio\/Brasil e pedagoga pela Universidade do Estado do Rio de Janeiro (UERJ\/Brasil). \u00c9 pesquisadora na \u00e1rea da defici\u00eancia visual e tecnologias assistivas e docente do ensino b\u00e1sico t\u00e9cnico e tecnol\u00f3gico no Instituto Benjamin Constant (IBC\/Brasil). Fez parte dos comit\u00eas de acessibilidade da <a rel=\"noreferrer noopener\" href=\"https:\/\/www.32rba.abant.org.br\/\" target=\"_blank\">32a Reuni\u00e3o Brasileira de Antropologia<\/a> e do <a rel=\"noreferrer noopener\" href=\"http:\/\/xxendiperio2020.com.br\/home\" target=\"_blank\">Endipe 2020<\/a> (Encontro Nacional de Did\u00e1tica e Pr\u00e1ticas de Ensino).<\/p>\n\n\n\n<p><strong>Oportunidades de colabora\u00e7\u00e3o<\/strong> &#8211; Consultorias em acessibilidade, usabilidade e experi\u00eancia do usu\u00e1rio\/UX voltados para produtos digitais, especialmente educacionais \u2013 como aplicativos, ambientes virtuais de aprendizagem, sites, plataformas, e-books, trilhas de aprendizagem, documentos etc.; projetos em tecnologias assistivas, digitais ou n\u00e3o; produ\u00e7\u00e3o de textos, artigos, cap\u00edtulos de livros.<\/p>\n\n\n\n<h2 class=\"wp-block-heading\"><a href=\"https:\/\/camilaleporace.com.br\/index.php\/portfolio-zeca-leporace\/\">Zeca Leporace<\/a><\/h2>\n\n\n\n<h3 class=\"wp-block-heading\"><em>Redator e revisor especializado em audiolivros, Consultor para projetos culturais, or\u00e7amentos e editais culturais<\/em><\/h3>\n\n\n\n<p><a href=\"https:\/\/camilaleporace.com.br\/index.php\/portfolio-zeca-leporace\/\" target=\"_blank\" rel=\"noreferrer noopener\" aria-label=\"Acesse o portfolio de Zeca Leporace (opens in a new tab)\">Acesse o portfolio de Zeca Leporace<\/a><\/p>\n\n\n\n<p><strong>Parceria <\/strong>&#8211; Zeca Leporace tem um olhar meticuloso para a revis\u00e3o e formata\u00e7\u00e3o de textos, trabalhando com muito cuidado e aten\u00e7\u00e3o ao detalhe, sem perder a agilidade. Ele me apoiou em dezenas de projetos e, nos \u00faltimos cinco anos, tem se especializado na revis\u00e3o de audiolivros, atuando principalmente para a editora Sextante. Faz  tamb\u00e9m formata\u00e7\u00e3o de teses de mestrado, doutorado, TCCs e artigos e a revisa curr\u00edculos. <\/p>\n\n\n\n<p><strong>Mini C<\/strong>V &#8211; Zeca Leporace \u00e9 economista e administrador pela Universidade C\u00e2ndido Mendes, com 40 anos de experi\u00eancia nos setores p\u00fablico e privado produzindo, revisando e organizando textos, gr\u00e1ficos e demonstrativos que compunham os relat\u00f3rios gerenciais destinados \u00e0 administra\u00e7\u00e3o interna e aos \u00f3rg\u00e3os externos de controle das institui\u00e7\u00f5es\/organiza\u00e7\u00f5es. Revisa livros para preparar os originais para envio \u00e0s editoras e faz todo tipo de trabalho textual que o cliente precisar, seja reda\u00e7\u00e3o, edi\u00e7\u00e3o, revis\u00e3o, formata\u00e7\u00e3o, normaliza\u00e7\u00e3o. LinkedIn<\/p>\n\n\n\n<p><strong>Oportunidades de colabora\u00e7\u00e3o<\/strong> &#8211; Todo e qualquer projeto que exija reda\u00e7\u00e3o e revis\u00e3o de textos (e todos os projetos sempre deveriam ter um excelente revisor ;)).<\/p>\n","protected":false},"excerpt":{"rendered":"<p>ETD &#8211; ESCOLA DA TRANSFORMA\u00c7\u00c3O DIGITAL A ETD \u00e9 uma ag\u00eancia de professores, palestrantes e mentores especializados em transforma\u00e7\u00e3o digital e neg\u00f3cios. Oferecemos palestras e formac\u00f5es in-company; palestras para escolas; <a class=\"more-link\" href=\"https:\/\/camilaleporace.com.br\/index.php\/parceiros\/\">Read More &#8230;<\/a><\/p>\n","protected":false},"author":1,"featured_media":0,"parent":0,"menu_order":0,"comment_status":"closed","ping_status":"closed","template":"","meta":{"footnotes":""},"class_list":["post-1309","page","type-page","status-publish","hentry"],"_links":{"self":[{"href":"https:\/\/camilaleporace.com.br\/index.php\/wp-json\/wp\/v2\/pages\/1309"}],"collection":[{"href":"https:\/\/camilaleporace.com.br\/index.php\/wp-json\/wp\/v2\/pages"}],"about":[{"href":"https:\/\/camilaleporace.com.br\/index.php\/wp-json\/wp\/v2\/types\/page"}],"author":[{"embeddable":true,"href":"https:\/\/camilaleporace.com.br\/index.php\/wp-json\/wp\/v2\/users\/1"}],"replies":[{"embeddable":true,"href":"https:\/\/camilaleporace.com.br\/index.php\/wp-json\/wp\/v2\/comments?post=1309"}],"version-history":[{"count":36,"href":"https:\/\/camilaleporace.com.br\/index.php\/wp-json\/wp\/v2\/pages\/1309\/revisions"}],"predecessor-version":[{"id":3188,"href":"https:\/\/camilaleporace.com.br\/index.php\/wp-json\/wp\/v2\/pages\/1309\/revisions\/3188"}],"wp:attachment":[{"href":"https:\/\/camilaleporace.com.br\/index.php\/wp-json\/wp\/v2\/media?parent=1309"}],"curies":[{"name":"wp","href":"https:\/\/api.w.org\/{rel}","templated":true}]}}