{"id":1451,"date":"2020-08-05T20:19:56","date_gmt":"2020-08-05T20:19:56","guid":{"rendered":"http:\/\/camilaleporace.com.br\/?page_id=1451"},"modified":"2025-01-03T17:06:46","modified_gmt":"2025-01-03T17:06:46","slug":"principais-projetos-desenvolvidos","status":"publish","type":"page","link":"https:\/\/camilaleporace.com.br\/index.php\/principais-projetos-desenvolvidos\/","title":{"rendered":"Projetos em Intelig\u00eancia Artificial, Comunica\u00e7\u00e3o, Educa\u00e7\u00e3o &amp; Tecnologias Digitais"},"content":{"rendered":"\n<ul class=\"wp-block-list\">\n<li>Consultoria para chatbot Cap\u00ed para combater a desinforma\u00e7\u00e3o ambiental junto \u00e0 Ambiental Media e ao Projor\/UNICAMP (2024) &#8211; <a href=\"https:\/\/capi.dev.ambiental.media\/\" data-type=\"link\" data-id=\"https:\/\/capi.dev.ambiental.media\/\">acesse aqui o chatbot, feito com IA generativa<\/a>;<\/li>\n\n\n\n<li>Forma\u00e7\u00e3o em IA generativa para educadores &#8211; projeto em parceria com a Unicarioca &#8211; <a href=\"https:\/\/camilaleporace.com.br\/index.php\/exemplos-de-trabalhos-em-educacao-e-ia\/\" data-type=\"link\" data-id=\"https:\/\/camilaleporace.com.br\/index.php\/exemplos-de-trabalhos-em-educacao-e-ia\/\">Saiba mais<\/a> <\/li>\n\n\n\n<li><a href=\"https:\/\/educadigital.org.br\/workshops\/\" data-type=\"link\" data-id=\"https:\/\/educadigital.org.br\/workshops\/\">Workshop junto ao Instituto Educadigital\/&nbsp;<strong>PH2D&nbsp;<\/strong>(Centro de Pesquisa em P\u00f3s-Humanismo e Humanidades Digitais)&nbsp;da Unicamp<\/a> (2024);<\/li>\n\n\n\n<li>Adapta\u00e7\u00e3o de conte\u00fado de tecnologia do ingl\u00eas para o portugu\u00eas na <a href=\"https:\/\/www.peelthepineapple.com\/\"><strong>Peel the Pineapple;<\/strong><\/a><\/li>\n\n\n\n<li>Reda\u00e7\u00e3o de conte\u00fado para a plataforma Ismart Online, do <strong><a href=\"http:\/\/www.ismart.org.br\/\" target=\"_blank\" rel=\"noreferrer noopener\">Instituto Ismart<\/a><\/strong>;<\/li>\n\n\n\n<li>Planejamento e cria\u00e7\u00e3o de conte\u00fado para o lan\u00e7amento da plataforma <a aria-label=\"https:\/\/www.inglesnasescolas.org  (opens in a new tab)\" href=\"https:\/\/www.inglesnasescolas.org\/\" target=\"_blank\" rel=\"noreferrer noopener\">https:\/\/www.inglesnasescolas.org <\/a>do <strong>British Council<\/strong>;<\/li>\n\n\n\n<li>Consultoria e desenvolvimento de conte\u00fado para o curso online sobre como desenvolver aplicativos na plataforma MIT App Inventor, para o <strong><a href=\"http:\/\/www.ismart.org.br\/\" target=\"_blank\" rel=\"noreferrer noopener\">Instituto Ismart<\/a><\/strong>;<\/li>\n\n\n\n<li>Planejamento e produ\u00e7\u00e3o de conte\u00fado relacionado a compet\u00eancias sociais, emocionais e cognitivas como Pensamento Cr\u00edtico, Identidade\/Gerenciamento de Carreira e Colabora\u00e7\u00e3o, em parceria com especialistas dos EUA, de Portugal e do Brasil, para a <strong>startup Tamboro<\/strong>;<\/li>\n\n\n\n<li>Artigos em educa\u00e7\u00e3o, inova\u00e7\u00e3o e tecnologias digitais para o site <strong><a href=\"http:\/\/porvir.org\" target=\"_blank\" rel=\"noreferrer noopener\">Porvir<\/a><\/strong> (<strong><a href=\"https:\/\/camilaleporace.com.br\/index.php\/artigos-e-publicacoes\/\">clique<\/a><\/strong> para ler alguns dos textos);<\/li>\n\n\n\n<li>Leitura cr\u00edtica de materiais na <strong><a href=\"https:\/\/ensineme.com.br\/\">Ensineme<\/a><\/strong>;<\/li>\n\n\n\n<li>Revis\u00e3o de materiais para cursos online de MBA do <strong>Ibmec<\/strong> (conte\u00fado de demonstra\u00e7\u00e3o <strong><a href=\"https:\/\/camilaleporace.com.br\/wp-content\/uploads\/2020\/05\/ibmec-sample-cleporace.pdf\">aqui<\/a><\/strong>);<\/li>\n\n\n\n<li>Comunica\u00e7\u00e3o digital para o projeto de educa\u00e7\u00e3o ambiental <em>De Olho no Clima<\/em>, do <strong>British Council<\/strong>;<\/li>\n\n\n\n<li>Conte\u00fado para os seguintes projetos da <strong>Funda\u00e7\u00e3o Roberto Marinho: <\/strong>Ol\u00e1! Turista (veja a<strong><a href=\"https:\/\/camilaleporace.com.br\/wp-content\/uploads\/2020\/05\/livro_aluno_frm_ola-turista.pdf\">qui<\/a><\/strong> o guia do aluno que redigi e editei) e Telecurso Matem\u00e1tica; consultoria para as plataformas digitais\/AVAs da FRM.<\/li>\n\n\n\n<li>Pesquisa, apura\u00e7\u00e3o e produ\u00e7\u00e3o de textos para o site <a href=\"https:\/\/www.inglesnasescolas.org\/\">Observat\u00f3rio Ensino da L\u00edngua Inglesa<\/a> (British Council) <\/li>\n\n\n\n<li>Reda\u00e7\u00e3o de textos para os livretos <a href=\"https:\/\/camilaleporace.com.br\/wp-content\/uploads\/2020\/06\/Livro-de-Receita-MDA_final_PT.pdf\" target=\"_blank\" rel=\"noreferrer noopener\"><em>Receitas do Amanh\u00e3<\/em><\/a><strong><a href=\"https:\/\/camilaleporace.com.br\/wp-content\/uploads\/2020\/06\/Livro-de-Receita-MDA_final_PT.pdf\" target=\"_blank\" rel=\"noreferrer noopener\"><em> <\/em><\/a><em>e Museu do Amanh\u00e3 On Tour<\/em>,<\/strong> do&nbsp;Museu do Amanh\u00e3<\/li>\n\n\n\n<li>Consultoria digital para o Projeto <a href=\"https:\/\/www.youtube.com\/watch?v=KX4O32a5gqY\" target=\"_blank\" rel=\"noreferrer noopener\">Agenda 21 Comperj da <strong>Petrobras<\/strong><\/a><\/li>\n\n\n\n<li><strong>Coordena\u00e7\u00e3o dos projetos <a href=\"https:\/\/acervo.oglobo.globo.com\/\">Acervo O GLOBO,<\/a>&nbsp;<a href=\"http:\/\/memoria.oglobo.globo.com\/\">Mem\u00f3ria O GLOBO <\/a><\/strong>e <a aria-label=\"O Livreiro (opens in a new tab)\" href=\"https:\/\/camilaleporace.com.br\/index.php\/o-livreiro\/\" target=\"_blank\" rel=\"noreferrer noopener\"><strong>O Livreiro<\/strong><\/a>, na Infoglobo<\/li>\n\n\n\n<li>Reda\u00e7\u00e3o de conte\u00fado, consultoria para migra\u00e7\u00e3o de plataforma e consultoria em marketing digital para o site <strong><a aria-label=\" (opens in a new tab)\" href=\"http:\/\/www.opiniaoenoticia.com.br\" target=\"_blank\" rel=\"noreferrer noopener\">Opini\u00e3o &amp; Not\u00edcia<\/a><\/strong><\/li>\n<\/ul>\n","protected":false},"excerpt":{"rendered":"","protected":false},"author":1,"featured_media":2511,"parent":0,"menu_order":0,"comment_status":"closed","ping_status":"closed","template":"","meta":{"footnotes":""},"class_list":["post-1451","page","type-page","status-publish","has-post-thumbnail","hentry"],"_links":{"self":[{"href":"https:\/\/camilaleporace.com.br\/index.php\/wp-json\/wp\/v2\/pages\/1451"}],"collection":[{"href":"https:\/\/camilaleporace.com.br\/index.php\/wp-json\/wp\/v2\/pages"}],"about":[{"href":"https:\/\/camilaleporace.com.br\/index.php\/wp-json\/wp\/v2\/types\/page"}],"author":[{"embeddable":true,"href":"https:\/\/camilaleporace.com.br\/index.php\/wp-json\/wp\/v2\/users\/1"}],"replies":[{"embeddable":true,"href":"https:\/\/camilaleporace.com.br\/index.php\/wp-json\/wp\/v2\/comments?post=1451"}],"version-history":[{"count":18,"href":"https:\/\/camilaleporace.com.br\/index.php\/wp-json\/wp\/v2\/pages\/1451\/revisions"}],"predecessor-version":[{"id":3043,"href":"https:\/\/camilaleporace.com.br\/index.php\/wp-json\/wp\/v2\/pages\/1451\/revisions\/3043"}],"wp:featuredmedia":[{"embeddable":true,"href":"https:\/\/camilaleporace.com.br\/index.php\/wp-json\/wp\/v2\/media\/2511"}],"wp:attachment":[{"href":"https:\/\/camilaleporace.com.br\/index.php\/wp-json\/wp\/v2\/media?parent=1451"}],"curies":[{"name":"wp","href":"https:\/\/api.w.org\/{rel}","templated":true}]}}