{"id":1565,"date":"2020-08-24T18:31:30","date_gmt":"2020-08-24T18:31:30","guid":{"rendered":"http:\/\/camilaleporace.com.br\/?page_id=1565"},"modified":"2020-08-24T18:35:26","modified_gmt":"2020-08-24T18:35:26","slug":"o-livreiro","status":"publish","type":"page","link":"https:\/\/camilaleporace.com.br\/index.php\/o-livreiro\/","title":{"rendered":"O Livreiro"},"content":{"rendered":"\n<p>O Livreiro foi um projeto da Infoglobo criado para funcionar como uma rede social para amantes da leitura. Mais do que isso, a ideia era promover a leitura entre jovens do Brasil, criando e fomentando comunidades online de leitores em torno de temas, livros, s\u00e9ries e autores. <\/p>\n\n\n\n<p>Entrei no Livreiro em 2010 para ser analista de comunidades, mas depois de alguns meses me tornei coordenadora da rede social. Tinha uma equipe de designers, estagi\u00e1rios e desenvolvedores para coordenar, e lidava muito com o departamento comercial da empresa, tamb\u00e9m. <\/p>\n\n\n\n<p>Realizava eventos que uniam o on e offline, como sempre acreditei que seria o ideal. Por exemplo, aproveitando a vinda da escritora Lionel Shriver ao Brasil, em 2010, propus abrirmos o espa\u00e7o para que os jovens da rede postassem perguntas que desejassem fazer a ela, e fui at\u00e9 a Lionel para fazer essas perguntas. Depois, as postei num dos blogs do Livreiro (que eu era respons\u00e1vel por atualizar) para que eles lessem. <\/p>\n\n\n\n<figure class=\"wp-block-image\"><img loading=\"lazy\" decoding=\"async\" width=\"1024\" height=\"768\" src=\"https:\/\/camilaleporace.com.br\/wp-content\/uploads\/2020\/08\/olivreiro1-1024x768.jpg\" alt=\"\" class=\"wp-image-1566\" srcset=\"https:\/\/camilaleporace.com.br\/wp-content\/uploads\/2020\/08\/olivreiro1.jpg 1024w, https:\/\/camilaleporace.com.br\/wp-content\/uploads\/2020\/08\/olivreiro1-300x225.jpg 300w, https:\/\/camilaleporace.com.br\/wp-content\/uploads\/2020\/08\/olivreiro1-768x576.jpg 768w, https:\/\/camilaleporace.com.br\/wp-content\/uploads\/2020\/08\/olivreiro1-200x150.jpg 200w\" sizes=\"(max-width: 1024px) 100vw, 1024px\" \/><figcaption>Ao lado da escritora Lionel Shriver, em 2010, numa loja da Livraria da Travessa, <br>no Rio de Janeiro<\/figcaption><\/figure>\n\n\n\n<p>Um dos desafios mais marcantes que tive no Livreiro foi o projeto que fizemos para a 8a edi\u00e7\u00e3o da FLIP. A gerente do projeto estava em busca de um posicionamento para a equipe do Livreiro na tradicional festa liter\u00e1ria de Paraty. Sugeri que cri\u00e1ssemos o &#8220;Mochil\u00e3o do Livreiro&#8221;, que teve como objetivo promover atividades voltadas para crian\u00e7as e adolescentes durante os dias do evento. A FLIP \u00e9 um evento essencialmente dedicado a escritores conhecidos e as pessoas costumam ir l\u00e1 para ouvi-los falar e comprar seus livros, al\u00e9m de fazer contatos etc. Por isso, quisemos fazer algo diferente, voltado para o p\u00fablico mais jovem, al\u00e9m de mostrar uma Paraty &#8220;real&#8221; \u2013 das escolas p\u00fablicas locais, dos jovens, artistas, artes\u00e3os que ali vivem e ganham a vida. Fizemos diversas a\u00e7\u00f5es para apresentar e-books para a garotada, mostrando o cat\u00e1logo do Livreiro no computador, no tablet e no celular e convidando-os a se cadastrar no site. Como as fotos mostram, a experi\u00eancia foi muito rica e trouxe aprendizados importantes.<\/p>\n\n\n\n<p><\/p>\n\n\n\n<figure class=\"wp-block-image is-resized\"><img loading=\"lazy\" decoding=\"async\" src=\"https:\/\/camilaleporace.com.br\/wp-content\/uploads\/2020\/08\/olivreiro31-1024x768.jpg\" alt=\"\" class=\"wp-image-1567\" width=\"489\" height=\"367\" srcset=\"https:\/\/camilaleporace.com.br\/wp-content\/uploads\/2020\/08\/olivreiro31-1024x768.jpg 1024w, https:\/\/camilaleporace.com.br\/wp-content\/uploads\/2020\/08\/olivreiro31-300x225.jpg 300w, https:\/\/camilaleporace.com.br\/wp-content\/uploads\/2020\/08\/olivreiro31-768x576.jpg 768w, https:\/\/camilaleporace.com.br\/wp-content\/uploads\/2020\/08\/olivreiro31-200x150.jpg 200w\" sizes=\"(max-width: 489px) 100vw, 489px\" \/><\/figure>\n\n\n\n<figure class=\"wp-block-image is-resized\"><img loading=\"lazy\" decoding=\"async\" src=\"https:\/\/camilaleporace.com.br\/wp-content\/uploads\/2020\/08\/olivreiro13-768x1024.jpg\" alt=\"\" class=\"wp-image-1568\" width=\"473\" height=\"631\" srcset=\"https:\/\/camilaleporace.com.br\/wp-content\/uploads\/2020\/08\/olivreiro13-768x1024.jpg 768w, https:\/\/camilaleporace.com.br\/wp-content\/uploads\/2020\/08\/olivreiro13-225x300.jpg 225w, https:\/\/camilaleporace.com.br\/wp-content\/uploads\/2020\/08\/olivreiro13-113x150.jpg 113w, https:\/\/camilaleporace.com.br\/wp-content\/uploads\/2020\/08\/olivreiro13.jpg 1536w\" sizes=\"(max-width: 473px) 100vw, 473px\" \/><\/figure>\n\n\n\n<figure class=\"wp-block-image is-resized\"><img loading=\"lazy\" decoding=\"async\" src=\"https:\/\/camilaleporace.com.br\/wp-content\/uploads\/2020\/08\/olivreiro18.jpg\" alt=\"\" class=\"wp-image-1569\" width=\"525\" height=\"329\" srcset=\"https:\/\/camilaleporace.com.br\/wp-content\/uploads\/2020\/08\/olivreiro18.jpg 448w, https:\/\/camilaleporace.com.br\/wp-content\/uploads\/2020\/08\/olivreiro18-300x188.jpg 300w, https:\/\/camilaleporace.com.br\/wp-content\/uploads\/2020\/08\/olivreiro18-239x150.jpg 239w\" sizes=\"(max-width: 525px) 100vw, 525px\" \/><\/figure>\n\n\n\n<figure class=\"wp-block-image\"><img loading=\"lazy\" decoding=\"async\" width=\"1024\" height=\"768\" src=\"https:\/\/camilaleporace.com.br\/wp-content\/uploads\/2020\/08\/olivreiro12-1024x768.jpg\" alt=\"\" class=\"wp-image-1570\" srcset=\"https:\/\/camilaleporace.com.br\/wp-content\/uploads\/2020\/08\/olivreiro12-1024x768.jpg 1024w, https:\/\/camilaleporace.com.br\/wp-content\/uploads\/2020\/08\/olivreiro12-300x225.jpg 300w, https:\/\/camilaleporace.com.br\/wp-content\/uploads\/2020\/08\/olivreiro12-768x576.jpg 768w, https:\/\/camilaleporace.com.br\/wp-content\/uploads\/2020\/08\/olivreiro12-200x150.jpg 200w, https:\/\/camilaleporace.com.br\/wp-content\/uploads\/2020\/08\/olivreiro12.jpg 2048w\" sizes=\"(max-width: 1024px) 100vw, 1024px\" \/><\/figure>\n\n\n\n<figure class=\"wp-block-image is-resized\"><img loading=\"lazy\" decoding=\"async\" src=\"https:\/\/camilaleporace.com.br\/wp-content\/uploads\/2020\/08\/olivreiro27.jpg\" alt=\"\" class=\"wp-image-1571\" width=\"573\" height=\"430\" srcset=\"https:\/\/camilaleporace.com.br\/wp-content\/uploads\/2020\/08\/olivreiro27.jpg 640w, https:\/\/camilaleporace.com.br\/wp-content\/uploads\/2020\/08\/olivreiro27-300x225.jpg 300w, https:\/\/camilaleporace.com.br\/wp-content\/uploads\/2020\/08\/olivreiro27-200x150.jpg 200w\" sizes=\"(max-width: 573px) 100vw, 573px\" \/><\/figure>\n\n\n\n<p>Durante os dias de FLIP, mantive uma coluna com linguagem jovem no peri\u00f3dico do caderno Prosa &amp; Verso, do jornal O GLOBO, que circulava em Paraty.<\/p>\n\n\n\n<figure class=\"wp-block-image\"><img loading=\"lazy\" decoding=\"async\" width=\"392\" height=\"445\" src=\"https:\/\/camilaleporace.com.br\/wp-content\/uploads\/2020\/08\/FLIP2010-2.png\" alt=\"\" class=\"wp-image-1573\" srcset=\"https:\/\/camilaleporace.com.br\/wp-content\/uploads\/2020\/08\/FLIP2010-2.png 392w, https:\/\/camilaleporace.com.br\/wp-content\/uploads\/2020\/08\/FLIP2010-2-264x300.png 264w, https:\/\/camilaleporace.com.br\/wp-content\/uploads\/2020\/08\/FLIP2010-2-132x150.png 132w\" sizes=\"(max-width: 392px) 100vw, 392px\" \/><\/figure>\n\n\n\n<figure class=\"wp-block-image\"><img loading=\"lazy\" decoding=\"async\" width=\"778\" height=\"444\" src=\"https:\/\/camilaleporace.com.br\/wp-content\/uploads\/2020\/08\/FLIP-2010-1.png\" alt=\"\" class=\"wp-image-1574\" srcset=\"https:\/\/camilaleporace.com.br\/wp-content\/uploads\/2020\/08\/FLIP-2010-1.png 778w, https:\/\/camilaleporace.com.br\/wp-content\/uploads\/2020\/08\/FLIP-2010-1-300x171.png 300w, https:\/\/camilaleporace.com.br\/wp-content\/uploads\/2020\/08\/FLIP-2010-1-768x438.png 768w, https:\/\/camilaleporace.com.br\/wp-content\/uploads\/2020\/08\/FLIP-2010-1-263x150.png 263w\" sizes=\"(max-width: 778px) 100vw, 778px\" \/><\/figure>\n","protected":false},"excerpt":{"rendered":"<p>O Livreiro foi um projeto da Infoglobo criado para funcionar como uma rede social para amantes da leitura. Mais do que isso, a ideia era promover a leitura entre jovens <a class=\"more-link\" href=\"https:\/\/camilaleporace.com.br\/index.php\/o-livreiro\/\">Read More &#8230;<\/a><\/p>\n","protected":false},"author":1,"featured_media":0,"parent":0,"menu_order":0,"comment_status":"closed","ping_status":"closed","template":"","meta":{"footnotes":""},"class_list":["post-1565","page","type-page","status-publish","hentry"],"_links":{"self":[{"href":"https:\/\/camilaleporace.com.br\/index.php\/wp-json\/wp\/v2\/pages\/1565"}],"collection":[{"href":"https:\/\/camilaleporace.com.br\/index.php\/wp-json\/wp\/v2\/pages"}],"about":[{"href":"https:\/\/camilaleporace.com.br\/index.php\/wp-json\/wp\/v2\/types\/page"}],"author":[{"embeddable":true,"href":"https:\/\/camilaleporace.com.br\/index.php\/wp-json\/wp\/v2\/users\/1"}],"replies":[{"embeddable":true,"href":"https:\/\/camilaleporace.com.br\/index.php\/wp-json\/wp\/v2\/comments?post=1565"}],"version-history":[{"count":2,"href":"https:\/\/camilaleporace.com.br\/index.php\/wp-json\/wp\/v2\/pages\/1565\/revisions"}],"predecessor-version":[{"id":1577,"href":"https:\/\/camilaleporace.com.br\/index.php\/wp-json\/wp\/v2\/pages\/1565\/revisions\/1577"}],"wp:attachment":[{"href":"https:\/\/camilaleporace.com.br\/index.php\/wp-json\/wp\/v2\/media?parent=1565"}],"curies":[{"name":"wp","href":"https:\/\/api.w.org\/{rel}","templated":true}]}}