{"id":1948,"date":"2021-05-18T17:34:27","date_gmt":"2021-05-18T17:34:27","guid":{"rendered":"http:\/\/camilaleporace.com.br\/?page_id=1948"},"modified":"2023-10-02T19:11:55","modified_gmt":"2023-10-02T19:11:55","slug":"pesquisa-de-doutorado","status":"publish","type":"page","link":"https:\/\/camilaleporace.com.br\/index.php\/pesquisa-de-doutorado\/","title":{"rendered":"Meu Doutorado"},"content":{"rendered":"\n<p><\/p>\n\n\n\n<figure class=\"wp-block-image\"><img loading=\"lazy\" decoding=\"async\" width=\"1024\" height=\"683\" src=\"https:\/\/camilaleporace.com.br\/wp-content\/uploads\/2021\/05\/halgatewood-com-OgvqXGL7XO4-unsplash-1024x683.jpg\" alt=\"\" class=\"wp-image-1951\" srcset=\"https:\/\/camilaleporace.com.br\/wp-content\/uploads\/2021\/05\/halgatewood-com-OgvqXGL7XO4-unsplash-1024x683.jpg 1024w, https:\/\/camilaleporace.com.br\/wp-content\/uploads\/2021\/05\/halgatewood-com-OgvqXGL7XO4-unsplash-300x200.jpg 300w, https:\/\/camilaleporace.com.br\/wp-content\/uploads\/2021\/05\/halgatewood-com-OgvqXGL7XO4-unsplash-768x512.jpg 768w, https:\/\/camilaleporace.com.br\/wp-content\/uploads\/2021\/05\/halgatewood-com-OgvqXGL7XO4-unsplash-225x150.jpg 225w\" sizes=\"(max-width: 1024px) 100vw, 1024px\" \/><figcaption>Imagem: <a href=\"https:\/\/unsplash.com\/@halacious?utm_source=unsplash&amp;utm_medium=referral&amp;utm_content=creditCopyText\">HalGatewood.com<\/a> @ <a href=\"https:\/\/unsplash.com\/collections\/4782482\/neural?utm_source=unsplash&amp;utm_medium=referral&amp;utm_content=creditCopyText\">Unsplash<\/a>   <\/figcaption><\/figure>\n\n\n\n<hr class=\"wp-block-separator\"\/>\n\n\n\n<p>Situada no campo da filosofia da educa\u00e7\u00e3o, minha pesquisa de doutorado procura contrapor a concep\u00e7\u00e3o de aprendizagem presente nos sistemas de aprendizagem de m\u00e1quina, ou <em>machine learning \u2013<\/em> vertente em destaque no campo da intelig\u00eancia artificial hoje \u2013 com o conceito de aprendizagem que possivelmente emerge de abordagens n\u00e3o ortodoxas \u00e0 cogni\u00e7\u00e3o humana (abordagens que incluem o corpo, o ambiente, a intersubjetividade e as tecnologias como constitutivas da mente humana).<\/p>\n\n\n\n<p>Parto da hip\u00f3tese de que a \u201caprendizagem\u201d \u2013 no contexto dos sistemas de <em>machine learning<\/em>, baseados em previs\u00f5es e estat\u00edsticas, que est\u00e3o sendo trazidos para o campo da educa\u00e7\u00e3o para participar do dia a dia de aulas e avalia\u00e7\u00f5es de alunos e professores \u2013 n\u00e3o contempla aspectos fundamentais para as faculdades cognitivas humanas que emergem de uma parceria entre corpo, c\u00e9rebro e ambiente. <\/p>\n\n\n\n<p>A intelig\u00eancia artificial tende a ser dualista, no sentido de limitar a concep\u00e7\u00e3o de aprendizagem ao c\u00e9rebro, o que contribui para uma manuten\u00e7\u00e3o da cis\u00e3o corpo-mente; j\u00e1 as novas perspectivas \u00e0 cogni\u00e7\u00e3o de que parto na tese s\u00e3o abordagens que buscam compreender e explicar as opera\u00e7\u00f5es mentais de uma forma mais fluida, contextual. O conhecimento a atribui\u00e7\u00e3o de sentido ao mundo, a experi\u00eancia e a est\u00e9tica, o sujeito que conhece  e o objeto o qual ele conhece  s\u00e3o considerados de uma maneira diferente das concep\u00e7\u00f5es tradicionais. Buscando superar dualismos, deixa de fazer sentido qualquer separa\u00e7\u00e3o entre mente e corpo, uma vez que a mente s\u00f3 emerge a partir da pr\u00f3pria atividade corporal do aluno (o ser cognoscente) no mundo.<\/p>\n\n\n\n<p>Trata-se de um t\u00f3pico que, se abordado pela filosofia da educa\u00e7\u00e3o, pode contribuir para uma discuss\u00e3o n\u00e3o apenas sobre IA na educa\u00e7\u00e3o, mas sobre a pr\u00f3pria concep\u00e7\u00e3o de aprendizagem, num sentido mais amplo. <\/p>\n","protected":false},"excerpt":{"rendered":"<p>Situada no campo da filosofia da educa\u00e7\u00e3o, minha pesquisa de doutorado procura contrapor a concep\u00e7\u00e3o de aprendizagem presente nos sistemas de aprendizagem de m\u00e1quina, ou machine learning \u2013 vertente em <a class=\"more-link\" href=\"https:\/\/camilaleporace.com.br\/index.php\/pesquisa-de-doutorado\/\">Read More &#8230;<\/a><\/p>\n","protected":false},"author":1,"featured_media":0,"parent":0,"menu_order":0,"comment_status":"closed","ping_status":"closed","template":"","meta":{"footnotes":""},"class_list":["post-1948","page","type-page","status-publish","hentry"],"_links":{"self":[{"href":"https:\/\/camilaleporace.com.br\/index.php\/wp-json\/wp\/v2\/pages\/1948"}],"collection":[{"href":"https:\/\/camilaleporace.com.br\/index.php\/wp-json\/wp\/v2\/pages"}],"about":[{"href":"https:\/\/camilaleporace.com.br\/index.php\/wp-json\/wp\/v2\/types\/page"}],"author":[{"embeddable":true,"href":"https:\/\/camilaleporace.com.br\/index.php\/wp-json\/wp\/v2\/users\/1"}],"replies":[{"embeddable":true,"href":"https:\/\/camilaleporace.com.br\/index.php\/wp-json\/wp\/v2\/comments?post=1948"}],"version-history":[{"count":15,"href":"https:\/\/camilaleporace.com.br\/index.php\/wp-json\/wp\/v2\/pages\/1948\/revisions"}],"predecessor-version":[{"id":2738,"href":"https:\/\/camilaleporace.com.br\/index.php\/wp-json\/wp\/v2\/pages\/1948\/revisions\/2738"}],"wp:attachment":[{"href":"https:\/\/camilaleporace.com.br\/index.php\/wp-json\/wp\/v2\/media?parent=1948"}],"curies":[{"name":"wp","href":"https:\/\/api.w.org\/{rel}","templated":true}]}}