{"id":2387,"date":"2023-02-13T21:27:03","date_gmt":"2023-02-13T21:27:03","guid":{"rendered":"http:\/\/camilaleporace.com.br\/?page_id=2387"},"modified":"2023-06-27T12:05:59","modified_gmt":"2023-06-27T12:05:59","slug":"comunicar-o-complexo-tem-uma-boa-dose-de-complexidade","status":"publish","type":"page","link":"https:\/\/camilaleporace.com.br\/index.php\/comunicar-o-complexo-tem-uma-boa-dose-de-complexidade\/","title":{"rendered":"Comunicar o complexo tem uma boa dose de&#8230; complexidade"},"content":{"rendered":"\n<p>Complexo tem v\u00e1rios sin\u00f4nimos: complicado, dif\u00edcil, obscuro, labir\u00edntico, emaranhado, intricado, herm\u00e9tico&#8230;<\/p>\n\n\n\n<p>Uma coisa pode parecer extremamente complicada e ser complicada mesmo! Mas tamb\u00e9m pode ser mais simples do que parece. Ou acabar sendo simplificada pela forma como \u00e9 explicada.<\/p>\n\n\n\n<p>Que o diga a educa\u00e7\u00e3o! Um dos desafios dos educadores \u00e9 traduzir para alunos um determinado assunto, com toda a sua complexidade, e garantir que ser\u00e1 compreendido e efetivamente aprendido.<\/p>\n\n\n\n<p>Sendo assim, a comunica\u00e7\u00e3o \u00e9 um atributo do educador. <\/p>\n\n\n\n<p>Mas tamb\u00e9m acredito no contr\u00e1rio, isto \u00e9: adquirir atributos de um bom educador tamb\u00e9m \u00e9 \u00fatil para se tornar um bom comunicador. Afinal, quem educa se preocupa em estabelecer como objetivo algo a ser compreendido, absorvido, aprendido; depois, tra\u00e7a caminhos para alcan\u00e7ar seu objetivo; depois, mede para ver se deu certo. Quem deseja comunicar a ci\u00eancia e a tecnologia pode se beneficiar muito desses passos.<\/p>\n\n\n\n<p>N\u00e3o adianta gerar comunica\u00e7\u00e3o sobre algo inusitado, diferente, curioso, advindo do mundo da tecnologia, da ci\u00eancia, da inova\u00e7\u00e3o, sem que se tenha a m\u00ednima garantia de que aquela informa\u00e7\u00e3o foi compreendida pelo p\u00fablico. Toda a gra\u00e7a se perde se a informa\u00e7\u00e3o n\u00e3o for entendida!<\/p>\n\n\n\n<p>Pensando nisso tudo, venho procurando unir educa\u00e7\u00e3o e comunica\u00e7\u00e3o. Pesquiso sobre como as pessoas aprendem (minha <a rel=\"noreferrer noopener\" aria-label=\"pesquisa de doutorado (opens in a new tab)\" href=\"https:\/\/camilaleporace.com.br\/index.php\/pesquisa-de-doutorado\/\" target=\"_blank\">pesquisa de doutorado<\/a> tem a ver com isso) e como a intelig\u00eancia artificial &#8220;aprende&#8221;. Sigo conectando essas pontas &#8211; educa\u00e7\u00e3o e comunica\u00e7\u00e3o &#8211; para tornar o meu trabalho de comunicadora mais eficaz.<\/p>\n\n\n\n<p>Para conhecer um pouco do que tenho feito, navegue aqui pelo site e leia o <a rel=\"noreferrer noopener\" aria-label=\"meu blog, Algoritmosfera (opens in a new tab)\" href=\"https:\/\/camilaleporace.com.br\/index.php\/blog\/\" target=\"_blank\">meu blog, Algoritmosfera<\/a>.<\/p>\n\n\n\n<p>Imagem: @victoriabcphotographer &#8211; Unsplash<\/p>\n","protected":false},"excerpt":{"rendered":"<p>Complexo tem v\u00e1rios sin\u00f4nimos: complicado, dif\u00edcil, obscuro, labir\u00edntico, emaranhado, intricado, herm\u00e9tico&#8230; Uma coisa pode parecer extremamente complicada e ser complicada mesmo! Mas tamb\u00e9m pode ser mais simples do que parece. <a class=\"more-link\" href=\"https:\/\/camilaleporace.com.br\/index.php\/comunicar-o-complexo-tem-uma-boa-dose-de-complexidade\/\">Read More &#8230;<\/a><\/p>\n","protected":false},"author":1,"featured_media":2508,"parent":0,"menu_order":0,"comment_status":"closed","ping_status":"closed","template":"","meta":{"footnotes":""},"class_list":["post-2387","page","type-page","status-publish","has-post-thumbnail","hentry"],"_links":{"self":[{"href":"https:\/\/camilaleporace.com.br\/index.php\/wp-json\/wp\/v2\/pages\/2387"}],"collection":[{"href":"https:\/\/camilaleporace.com.br\/index.php\/wp-json\/wp\/v2\/pages"}],"about":[{"href":"https:\/\/camilaleporace.com.br\/index.php\/wp-json\/wp\/v2\/types\/page"}],"author":[{"embeddable":true,"href":"https:\/\/camilaleporace.com.br\/index.php\/wp-json\/wp\/v2\/users\/1"}],"replies":[{"embeddable":true,"href":"https:\/\/camilaleporace.com.br\/index.php\/wp-json\/wp\/v2\/comments?post=2387"}],"version-history":[{"count":4,"href":"https:\/\/camilaleporace.com.br\/index.php\/wp-json\/wp\/v2\/pages\/2387\/revisions"}],"predecessor-version":[{"id":2672,"href":"https:\/\/camilaleporace.com.br\/index.php\/wp-json\/wp\/v2\/pages\/2387\/revisions\/2672"}],"wp:featuredmedia":[{"embeddable":true,"href":"https:\/\/camilaleporace.com.br\/index.php\/wp-json\/wp\/v2\/media\/2508"}],"wp:attachment":[{"href":"https:\/\/camilaleporace.com.br\/index.php\/wp-json\/wp\/v2\/media?parent=2387"}],"curies":[{"name":"wp","href":"https:\/\/api.w.org\/{rel}","templated":true}]}}