{"id":2641,"date":"2023-06-26T17:20:37","date_gmt":"2023-06-26T17:20:37","guid":{"rendered":"http:\/\/camilaleporace.com.br\/?page_id=2641"},"modified":"2023-06-26T17:20:37","modified_gmt":"2023-06-26T17:20:37","slug":"as-novas-abordagens-de-pesquisa-sobre-a-cognicao-humana","status":"publish","type":"page","link":"https:\/\/camilaleporace.com.br\/index.php\/as-novas-abordagens-de-pesquisa-sobre-a-cognicao-humana\/","title":{"rendered":"As novas abordagens de pesquisa sobre a cogni\u00e7\u00e3o humana"},"content":{"rendered":"\n<p>Desde 2017, venho pesquisando um conjunto de abordagens contempor\u00e2neas para a cogni\u00e7\u00e3o humana chamado de <em>4E Cognition<\/em>: <em>Embedded, Embodied, Extended e Enactive Cognition<\/em>, ou Cogni\u00e7\u00e3o Situada, Corporificada, Estendida e Enativa.&nbsp;Essas perspectivas t\u00eam em comum a tese de que a cogni\u00e7\u00e3o n\u00e3o se limita ao c\u00e9rebro, envolvendo o corpo como um todo, e o ambiente. Levando tamb\u00e9m em considera\u00e7\u00e3o as emo\u00e7\u00f5es nos processos cognitivos, essas abordagens ampliam a concep\u00e7\u00e3o que se tem da experi\u00eancia e prop\u00f5em novos caminhos para se compreender a aprendizagem.<\/p>\n\n\n\n<p>Tenho trabalhado para descobrir as implica\u00e7\u00f5es dessas teses para a educa\u00e7\u00e3o, conduzindo a minha pesquisa sob o olhar da filosofia da educa\u00e7\u00e3o e das linhas de pesquisa voltadas para as tecnologias digitais na educa\u00e7\u00e3o. Em especial, me interesso pela investiga\u00e7\u00e3o filos\u00f3fica das tecnologias educacionais sob a lente dessas abordagens. Saiba mais sobre a minha tese <a href=\"https:\/\/camilaleporace.com.br\/index.php\/pesquisa-de-doutorado\/\" target=\"_blank\" rel=\"noreferrer noopener\"><strong>aqui neste link<\/strong><\/a>.<\/p>\n\n\n\n<p>Alguns dos principais autores de refer\u00eancia para minhas pesquisas s\u00e3o Ezequiel Di Paolo, Evan Thompson, Hanne De Jaegher, Andy Clark, Giovanna Colombetti, Humberto Maturana e Francisco Varela.<\/p>\n","protected":false},"excerpt":{"rendered":"<p>Desde 2017, venho pesquisando um conjunto de abordagens contempor\u00e2neas para a cogni\u00e7\u00e3o humana chamado de 4E Cognition: Embedded, Embodied, Extended e Enactive Cognition, ou Cogni\u00e7\u00e3o Situada, Corporificada, Estendida e Enativa.&nbsp;Essas <a class=\"more-link\" href=\"https:\/\/camilaleporace.com.br\/index.php\/as-novas-abordagens-de-pesquisa-sobre-a-cognicao-humana\/\">Read More &#8230;<\/a><\/p>\n","protected":false},"author":1,"featured_media":1836,"parent":0,"menu_order":0,"comment_status":"closed","ping_status":"closed","template":"","meta":{"footnotes":""},"class_list":["post-2641","page","type-page","status-publish","has-post-thumbnail","hentry"],"_links":{"self":[{"href":"https:\/\/camilaleporace.com.br\/index.php\/wp-json\/wp\/v2\/pages\/2641"}],"collection":[{"href":"https:\/\/camilaleporace.com.br\/index.php\/wp-json\/wp\/v2\/pages"}],"about":[{"href":"https:\/\/camilaleporace.com.br\/index.php\/wp-json\/wp\/v2\/types\/page"}],"author":[{"embeddable":true,"href":"https:\/\/camilaleporace.com.br\/index.php\/wp-json\/wp\/v2\/users\/1"}],"replies":[{"embeddable":true,"href":"https:\/\/camilaleporace.com.br\/index.php\/wp-json\/wp\/v2\/comments?post=2641"}],"version-history":[{"count":1,"href":"https:\/\/camilaleporace.com.br\/index.php\/wp-json\/wp\/v2\/pages\/2641\/revisions"}],"predecessor-version":[{"id":2643,"href":"https:\/\/camilaleporace.com.br\/index.php\/wp-json\/wp\/v2\/pages\/2641\/revisions\/2643"}],"wp:featuredmedia":[{"embeddable":true,"href":"https:\/\/camilaleporace.com.br\/index.php\/wp-json\/wp\/v2\/media\/1836"}],"wp:attachment":[{"href":"https:\/\/camilaleporace.com.br\/index.php\/wp-json\/wp\/v2\/media?parent=2641"}],"curies":[{"name":"wp","href":"https:\/\/api.w.org\/{rel}","templated":true}]}}