{"id":2734,"date":"2023-10-02T19:00:12","date_gmt":"2023-10-02T19:00:12","guid":{"rendered":"http:\/\/camilaleporace.com.br\/?page_id=2734"},"modified":"2025-07-26T19:02:02","modified_gmt":"2025-07-26T19:02:02","slug":"servicos","status":"publish","type":"page","link":"https:\/\/camilaleporace.com.br\/index.php\/servicos\/","title":{"rendered":"Entre em contato"},"content":{"rendered":"\n<p>Para contratar servi\u00e7os de consultoria, palestras, oficinas e outros, <a href=\"https:\/\/docs.google.com\/forms\/d\/e\/1FAIpQLSfJnlOfVCnfUGxefqyBUhYNNfPYPOu1GXSi-Yo7sth4O0Zd2w\/viewform?usp=sf_link\">entre em contato<\/a>. <\/p>\n\n\n\n<p>Para conhecer mais do meu trabalho, acesse o meu <a href=\"https:\/\/www.canva.com\/design\/DAGt_wZCnIM\/E9ApTUqe_BLlXAdKwo9X-A\/view?utm_content=DAGt_wZCnIM&amp;utm_campaign=designshare&amp;utm_medium=link2&amp;utm_source=uniquelinks&amp;utlId=h75660635de\">portif\u00f3lio de palestras e forma\u00e7\u00f5es<\/a>.<\/p>\n\n\n\n<p><a href=\"https:\/\/www.instagram.com\/camilaaleporace\/\" data-type=\"link\" data-id=\"https:\/\/www.instagram.com\/camilaaleporace\/\">Acesse meu Instagram<\/a><\/p>\n\n\n\n<p><a href=\"https:\/\/www.linkedin.com\/in\/camilaleporace\/\" data-type=\"link\" data-id=\"https:\/\/www.linkedin.com\/in\/camilaleporace\/\">Acesse meu LinkedIn<\/a><\/p>\n","protected":false},"excerpt":{"rendered":"<p>Para contratar servi\u00e7os de consultoria, palestras, oficinas e outros, entre em contato. Para conhecer mais do meu trabalho, acesse o meu portif\u00f3lio de palestras e forma\u00e7\u00f5es. Acesse meu Instagram Acesse <a class=\"more-link\" href=\"https:\/\/camilaleporace.com.br\/index.php\/servicos\/\">Read More &#8230;<\/a><\/p>\n","protected":false},"author":1,"featured_media":0,"parent":0,"menu_order":0,"comment_status":"closed","ping_status":"closed","template":"","meta":{"footnotes":""},"class_list":["post-2734","page","type-page","status-publish","hentry"],"_links":{"self":[{"href":"https:\/\/camilaleporace.com.br\/index.php\/wp-json\/wp\/v2\/pages\/2734"}],"collection":[{"href":"https:\/\/camilaleporace.com.br\/index.php\/wp-json\/wp\/v2\/pages"}],"about":[{"href":"https:\/\/camilaleporace.com.br\/index.php\/wp-json\/wp\/v2\/types\/page"}],"author":[{"embeddable":true,"href":"https:\/\/camilaleporace.com.br\/index.php\/wp-json\/wp\/v2\/users\/1"}],"replies":[{"embeddable":true,"href":"https:\/\/camilaleporace.com.br\/index.php\/wp-json\/wp\/v2\/comments?post=2734"}],"version-history":[{"count":12,"href":"https:\/\/camilaleporace.com.br\/index.php\/wp-json\/wp\/v2\/pages\/2734\/revisions"}],"predecessor-version":[{"id":3121,"href":"https:\/\/camilaleporace.com.br\/index.php\/wp-json\/wp\/v2\/pages\/2734\/revisions\/3121"}],"wp:attachment":[{"href":"https:\/\/camilaleporace.com.br\/index.php\/wp-json\/wp\/v2\/media?parent=2734"}],"curies":[{"name":"wp","href":"https:\/\/api.w.org\/{rel}","templated":true}]}}