{"id":3023,"date":"2024-11-02T23:45:26","date_gmt":"2024-11-02T23:45:26","guid":{"rendered":"https:\/\/camilaleporace.com.br\/?page_id=3023"},"modified":"2024-11-02T23:45:26","modified_gmt":"2024-11-02T23:45:26","slug":"exemplos-de-trabalhos-em-educacao-e-ia","status":"publish","type":"page","link":"https:\/\/camilaleporace.com.br\/index.php\/exemplos-de-trabalhos-em-educacao-e-ia\/","title":{"rendered":"Exemplos de trabalhos em Educa\u00e7\u00e3o e IA"},"content":{"rendered":"\n<p><strong>I. Cria\u00e7\u00e3o de metodologia para a experimenta\u00e7\u00e3o supervisionada da IA generativa em projetos de educa\u00e7\u00e3o &#8211; Unicarioca, 2024<\/strong><\/p>\n\n\n\n<p>Os alunos recebem um suporte te\u00f3rico com artigos publicados no Brasil e no exterior sobre IA na educa\u00e7\u00e3o, especialmente IA generativa. Em seguida, s\u00e3o apresentados a modelos de IA generativa dispon\u00edveis na Web e a exemplos de usos na educa\u00e7\u00e3o. Depois, s\u00e3o divididos em grupos tem\u00e1ticos &#8211; por exemplo, um dedicado \u00e0 gest\u00e3o escolar, outro \u00e0 \u00e9tica na IA e outro ao planejamento escolar etc. Com foco nesses temas dos grupos, os alunos selecionam um problema para resolver com o apoio de IA generativa e buscam modelos de IA gen que possam apoi\u00e1-los no desenvolvimento dos projetos.<\/p>\n\n\n\n<p>Enquanto utilizam as IAs, preenchem fichas sobre o processo, que incluem uma an\u00e1lise SWOT das IAs. Fornecem informa\u00e7\u00f5es sobre a IA selecionada, qualidades dos outputs obtidos a partir dos prompts, detec\u00e7\u00e3o de vieses durante as experi\u00eancias, originalidade do conte\u00fado gerado, entre outros aspectos. Por fim, os alunos fazem um texto em forma de artigo com o relato da experi\u00eancia. Al\u00e9m dos relatos, em 2024.2 os alunos de mestrado decidiram criar uma conta no Instagram para falar dos projetos: @leia_diversa<\/p>\n\n\n\n<p><strong>II. Coautoria do guia da IA na educa\u00e7\u00e3o para o EDUTECIA, 2024<\/strong><\/p>\n\n\n\n<p>O guia foi desenvolvido para apoiar escolas na compreens\u00e3o das possibilidades de aplica\u00e7\u00e3o, riscos e benef\u00edcios da IA na educa\u00e7\u00e3o. Est\u00e1 dispon\u00edvel <a href=\"https:\/\/www.edutecia.com\/_files\/ugd\/881d56_4539d669ce6f4759bb58aac96a3a774b.pdf\" target=\"_blank\" rel=\"noreferrer noopener\">neste link<\/a><\/p>\n\n\n\n<p><strong>III. Cria\u00e7\u00e3o de cursos sobre introdu\u00e7\u00e3o ao universo da programa\u00e7\u00e3o<\/strong> <strong>para o projeto Pot\u00eancia Tech, 2022<\/strong><\/p>\n\n\n\n<p>Curso <a href=\"https:\/\/potenciatech.com.br\/play\/curso\/81096422\" target=\"_blank\" rel=\"noreferrer noopener\">&#8216;Quero ser Dev &#8211; Mas por onde come\u00e7ar?&#8217;<\/a><\/p>\n\n\n\n<p>Curso <a href=\"https:\/\/potenciatech.com.br\/play\/curso\/21462107\" target=\"_blank\" rel=\"noreferrer noopener\">&#8216;Por que trabalhar com programa\u00e7\u00e3o?&#8221;<\/a><\/p>\n\n\n\n<p>Curso <a href=\"https:\/\/potenciatech.com.br\/play\/curso\/84759145\" target=\"_blank\" rel=\"noreferrer noopener\">&#8216;Quatro motivos para aprender a programar&#8217;<\/a><\/p>\n\n\n\n<p><strong>IV. Exemplos de materiais gr\u00e1ficos feitos para as forma\u00e7\u00f5es e aulas ministradas em escolas e universidades<\/strong><\/p>\n\n\n\n<figure class=\"wp-block-image size-full\"><img loading=\"lazy\" decoding=\"async\" width=\"527\" height=\"632\" src=\"https:\/\/camilaleporace.com.br\/wp-content\/uploads\/2024\/11\/CV_Camila_Leporace_IA_Out_24.png\" alt=\"\" class=\"wp-image-3024\" srcset=\"https:\/\/camilaleporace.com.br\/wp-content\/uploads\/2024\/11\/CV_Camila_Leporace_IA_Out_24.png 527w, https:\/\/camilaleporace.com.br\/wp-content\/uploads\/2024\/11\/CV_Camila_Leporace_IA_Out_24-250x300.png 250w, https:\/\/camilaleporace.com.br\/wp-content\/uploads\/2024\/11\/CV_Camila_Leporace_IA_Out_24-125x150.png 125w\" sizes=\"(max-width: 527px) 100vw, 527px\" \/><\/figure>\n","protected":false},"excerpt":{"rendered":"<p>I. Cria\u00e7\u00e3o de metodologia para a experimenta\u00e7\u00e3o supervisionada da IA generativa em projetos de educa\u00e7\u00e3o &#8211; Unicarioca, 2024 Os alunos recebem um suporte te\u00f3rico com artigos publicados no Brasil e <a class=\"more-link\" href=\"https:\/\/camilaleporace.com.br\/index.php\/exemplos-de-trabalhos-em-educacao-e-ia\/\">Read More &#8230;<\/a><\/p>\n","protected":false},"author":1,"featured_media":0,"parent":0,"menu_order":0,"comment_status":"closed","ping_status":"closed","template":"","meta":{"footnotes":""},"class_list":["post-3023","page","type-page","status-publish","hentry"],"_links":{"self":[{"href":"https:\/\/camilaleporace.com.br\/index.php\/wp-json\/wp\/v2\/pages\/3023"}],"collection":[{"href":"https:\/\/camilaleporace.com.br\/index.php\/wp-json\/wp\/v2\/pages"}],"about":[{"href":"https:\/\/camilaleporace.com.br\/index.php\/wp-json\/wp\/v2\/types\/page"}],"author":[{"embeddable":true,"href":"https:\/\/camilaleporace.com.br\/index.php\/wp-json\/wp\/v2\/users\/1"}],"replies":[{"embeddable":true,"href":"https:\/\/camilaleporace.com.br\/index.php\/wp-json\/wp\/v2\/comments?post=3023"}],"version-history":[{"count":1,"href":"https:\/\/camilaleporace.com.br\/index.php\/wp-json\/wp\/v2\/pages\/3023\/revisions"}],"predecessor-version":[{"id":3026,"href":"https:\/\/camilaleporace.com.br\/index.php\/wp-json\/wp\/v2\/pages\/3023\/revisions\/3026"}],"wp:attachment":[{"href":"https:\/\/camilaleporace.com.br\/index.php\/wp-json\/wp\/v2\/media?parent=3023"}],"curies":[{"name":"wp","href":"https:\/\/api.w.org\/{rel}","templated":true}]}}