{"id":3173,"date":"2025-09-22T22:55:21","date_gmt":"2025-09-22T22:55:21","guid":{"rendered":"https:\/\/camilaleporace.com.br\/?page_id=3173"},"modified":"2025-09-22T22:55:21","modified_gmt":"2025-09-22T22:55:21","slug":"portifolio-de-palestras","status":"publish","type":"page","link":"https:\/\/camilaleporace.com.br\/index.php\/portifolio-de-palestras\/","title":{"rendered":"Portif\u00f3lio de palestras"},"content":{"rendered":"\n<p>Confira <a href=\"https:\/\/www.canva.com\/design\/DAGt_wZCnIM\/E9ApTUqe_BLlXAdKwo9X-A\/view?utm_content=DAGt_wZCnIM&amp;utm_campaign=designshare&amp;utm_medium=link2&amp;utm_source=uniquelinks&amp;utlId=h75660635de\" data-type=\"link\" data-id=\"https:\/\/www.canva.com\/design\/DAGt_wZCnIM\/E9ApTUqe_BLlXAdKwo9X-A\/view?utm_content=DAGt_wZCnIM&amp;utm_campaign=designshare&amp;utm_medium=link2&amp;utm_source=uniquelinks&amp;utlId=h75660635de\">aqui<\/a> o meu portif\u00f3lio de palestras, forma\u00e7\u00f5es, aulas e participa\u00e7\u00f5es em mesas e debates<\/p>\n\n\n\n<p><\/p>\n","protected":false},"excerpt":{"rendered":"<p>Confira aqui o meu portif\u00f3lio de palestras, forma\u00e7\u00f5es, aulas e participa\u00e7\u00f5es em mesas e debates<\/p>\n","protected":false},"author":1,"featured_media":0,"parent":0,"menu_order":0,"comment_status":"closed","ping_status":"closed","template":"","meta":{"footnotes":""},"class_list":["post-3173","page","type-page","status-publish","hentry"],"_links":{"self":[{"href":"https:\/\/camilaleporace.com.br\/index.php\/wp-json\/wp\/v2\/pages\/3173"}],"collection":[{"href":"https:\/\/camilaleporace.com.br\/index.php\/wp-json\/wp\/v2\/pages"}],"about":[{"href":"https:\/\/camilaleporace.com.br\/index.php\/wp-json\/wp\/v2\/types\/page"}],"author":[{"embeddable":true,"href":"https:\/\/camilaleporace.com.br\/index.php\/wp-json\/wp\/v2\/users\/1"}],"replies":[{"embeddable":true,"href":"https:\/\/camilaleporace.com.br\/index.php\/wp-json\/wp\/v2\/comments?post=3173"}],"version-history":[{"count":1,"href":"https:\/\/camilaleporace.com.br\/index.php\/wp-json\/wp\/v2\/pages\/3173\/revisions"}],"predecessor-version":[{"id":3175,"href":"https:\/\/camilaleporace.com.br\/index.php\/wp-json\/wp\/v2\/pages\/3173\/revisions\/3175"}],"wp:attachment":[{"href":"https:\/\/camilaleporace.com.br\/index.php\/wp-json\/wp\/v2\/media?parent=3173"}],"curies":[{"name":"wp","href":"https:\/\/api.w.org\/{rel}","templated":true}]}}