{"id":541,"date":"2016-09-05T18:54:40","date_gmt":"2016-09-05T18:54:40","guid":{"rendered":"http:\/?page_id=2"},"modified":"2026-03-04T14:48:27","modified_gmt":"2026-03-04T14:48:27","slug":"profile","status":"publish","type":"page","link":"https:\/\/camilaleporace.com.br\/","title":{"rendered":"Meu perfil"},"content":{"rendered":"\n<p>CAMILA DE PAOLI LEPORACE, PhD<\/p>\n\n\n\n<figure class=\"wp-block-image size-large is-resized\"><img loading=\"lazy\" decoding=\"async\" width=\"2560\" height=\"1707\" src=\"https:\/\/camilaleporace.com.br\/wp-content\/uploads\/2026\/03\/R6-3770-edited-scaled.jpg\" alt=\"\" class=\"wp-image-3221\" style=\"width:628px;height:auto\" srcset=\"https:\/\/camilaleporace.com.br\/wp-content\/uploads\/2026\/03\/R6-3770-edited-scaled.jpg 2560w, https:\/\/camilaleporace.com.br\/wp-content\/uploads\/2026\/03\/R6-3770-edited-300x200.jpg 300w, https:\/\/camilaleporace.com.br\/wp-content\/uploads\/2026\/03\/R6-3770-edited-1024x683.jpg 1024w, https:\/\/camilaleporace.com.br\/wp-content\/uploads\/2026\/03\/R6-3770-edited-768x512.jpg 768w, https:\/\/camilaleporace.com.br\/wp-content\/uploads\/2026\/03\/R6-3770-edited-1536x1024.jpg 1536w, https:\/\/camilaleporace.com.br\/wp-content\/uploads\/2026\/03\/R6-3770-edited-2048x1365.jpg 2048w, https:\/\/camilaleporace.com.br\/wp-content\/uploads\/2026\/03\/R6-3770-edited-225x150.jpg 225w\" sizes=\"(max-width: 2560px) 100vw, 2560px\" \/><\/figure>\n\n\n\n<p><\/p>\n\n\n\n<p>Nasci no Rio de Janeiro, sou jornalista pela PUC-Rio (2005) com mestrado (2019) e doutorado em Educa\u00e7\u00e3o (2023) &#8211; titula\u00e7\u00e3o dupla pela Universidade de Coimbra, Portugal, e a PUC-Rio. No doutorado, durante o qual passei um ano e tr\u00eas meses na Universidade de Coimbra, investiguei a IA na aprendizagem humana a partir da centralidade do corpo e das emo\u00e7\u00f5es nos processos de aprendizagem. Hoje, meus principais interesses de pesquisa se voltam para a educa\u00e7\u00e3o <strong>com <\/strong>m\u00eddias digitais e intelig\u00eancia artificial; a forma\u00e7\u00e3o de professores e estudantes para o uso de IA; os impactos da IA na pesquisa cient\u00edfica; a busca pela transpar\u00eancia dos sistemas algor\u00edtmicos e os entrela\u00e7amentos poss\u00edveis entre a criatividade humana e a IA.<\/p>\n\n\n\n<p>Desde 2017, tenho como grande foco de pesquisa a cogni\u00e7\u00e3o humana, e desde 2019 a intelig\u00eancia artificial, especialmente no que diz respeito aos desdobramentos que a IA pode ter na forma\u00e7\u00e3o e na experi\u00eancia humana. Minha maneira de abordar a IA \u00e9 a partir da cogni\u00e7\u00e3o humana. <strong>Somos n\u00f3s que devemos decidir como a IA atuar\u00e1 na sociedade, e n\u00e3o o contr\u00e1rio. E eu trabalho para compreender como fazemos isso. <\/strong>Acredito que \u00e9 preciso aproximar humanos e m\u00e1quinas de uma maneira que valorize aquilo que \u00e9 verdadeiramente humano.<\/p>\n\n\n\n<p>Sou <a href=\"https:\/\/portal.dados.unicamp.br\/perfil?origem=&amp;docente=328077&amp;sigla_unidade=&amp;nome_unidade=&amp;nome_programa=\" data-type=\"link\" data-id=\"https:\/\/portal.dados.unicamp.br\/perfil?origem=&amp;docente=328077&amp;sigla_unidade=&amp;nome_unidade=&amp;nome_programa=\">pesquisadora de p\u00f3s-doutorado na UNICAMP<\/a>. Fa\u00e7o parte do <a href=\"https:\/\/www.instagram.com\/p\/DE53y0qyj33\/?locale=my&amp;hl=en&amp;img_index=1\" data-type=\"link\" data-id=\"https:\/\/www.instagram.com\/p\/DE53y0qyj33\/?locale=my&amp;hl=en&amp;img_index=1\">Observat\u00f3rio da IA na Educa\u00e7\u00e3o B\u00e1sica da Universidade de Columbia no Brasil<\/a>. Lecionei por um ano no <a href=\"https:\/\/proximal.unicarioca.edu.br\/portal\/corpo-docente\/\" data-type=\"link\" data-id=\"https:\/\/proximal.unicarioca.edu.br\/portal\/corpo-docente\/\" target=\"_blank\" rel=\"noreferrer noopener\">Programa de P\u00f3s-Gradua\u00e7\u00e3o Profissional em Novas Tecnologias Digitais na Educa\u00e7\u00e3o da Unicarioca<\/a>. Sou consultora para projetos envolvendo IA generativa, comunica\u00e7\u00e3o digital e educa\u00e7\u00e3o.<\/p>\n\n\n\n<p>Fui mentora volunt\u00e1ria no projeto Latinas in Tech, ONG criada no Vale do Sil\u00edcio, que tem como objetivo dar suporte \u00e0 carreira de mulheres na tecnologia. Tamb\u00e9m sou volunt\u00e1ria no projeto <a href=\"https:\/\/weandai.org\/\" data-type=\"link\" data-id=\"https:\/\/weandai.org\/\">We and AI<\/a>, do Reino Unido.<\/p>\n\n\n\n<h3 class=\"wp-block-heading\">Livro<\/h3>\n\n\n\n<p>Sou autora do livro &#8216;<a href=\"https:\/\/lojahucitec.com.br\/produto\/algoritmosfera-a-cognicao-humana-e-a-inteligencia-artificial-camila-de-paoli-leporace\/\" data-type=\"link\" data-id=\"https:\/\/lojahucitec.com.br\/produto\/algoritmosfera-a-cognicao-humana-e-a-inteligencia-artificial-camila-de-paoli-leporace\/\">Algoritmosfera &#8211; A cogni\u00e7\u00e3o humana e a intelig\u00eancia artificial<\/a>&#8216; (PUC-Rio\/Hucitec, 2024). Sou <a href=\"https:\/\/ccec.puc-rio.br\/Site\/Folder?nCurso=inteligencia-artificial-e-aprendizagem&amp;nInst=CCE\" data-type=\"link\" data-id=\"https:\/\/ccec.puc-rio.br\/Site\/Folder?nCurso=inteligencia-artificial-e-aprendizagem&amp;nInst=CCE\" target=\"_blank\" rel=\"noreferrer noopener\">professora de um curso na PUC-Rio<\/a>, fa\u00e7o <a href=\"https:\/\/portal.dados.unicamp.br\/perfil?origem=&amp;docente=328077&amp;sigla_unidade=&amp;nome_unidade=&amp;nome_programa=\" data-type=\"link\" data-id=\"https:\/\/portal.dados.unicamp.br\/perfil?origem=&amp;docente=328077&amp;sigla_unidade=&amp;nome_unidade=&amp;nome_programa=\" target=\"_blank\" rel=\"noreferrer noopener\">p\u00f3s-doutorado na UNICAMP <\/a>(no Instituto de Computa\u00e7\u00e3o) e desenvolvo projetos junto \u00e0 Universidade de Aarhus, na Dinamarca (<a href=\"https:\/\/dpu.au.dk\/en\/research\/research-units\/embodied-education-embed\" data-type=\"link\" data-id=\"https:\/\/dpu.au.dk\/en\/research\/research-units\/embodied-education-embed\" target=\"_blank\" rel=\"noreferrer noopener\">EMBodied EDucation Group,<\/a> Departamento de Educa\u00e7\u00e3o), e \u00e0 Universidade Nova de Lisboa, em Portugal (iNova Media Lab). Ministro palestras e aulas sobre tecnologias digitais na educa\u00e7\u00e3o e na comunica\u00e7\u00e3o, a cogni\u00e7\u00e3o humana e a intelig\u00eancia artificial. Tenho artigos e cap\u00edtulos de livro publicados em peri\u00f3dicos nacionais e internacionais. Desenvolvo tradu\u00e7\u00f5es do ingl\u00eas para o portugu\u00eas, especialmente para conte\u00fados em tecnologia.<\/p>\n\n\n\n<h3 class=\"wp-block-heading\">Perfil profissional<\/h3>\n\n\n\n<p>Meu principal talento, acredito, \u00e9 conectar: ideias, habilidades, pessoas, \u00e1reas do conhecimento. Conectar pesquisa e pr\u00e1tica. Transferir habilidades da academia para o cotidiano. E traduzir o complexo em linguagem simples para que alcance os mais variados p\u00fablicos. Fa\u00e7o isso atuando na educa\u00e7\u00e3o e na comunica\u00e7\u00e3o. A tecnologia perpassa todos esses eixos, por isso pesquiso tecnologias emergentes, me envolvo nos debates, levanto quest\u00f5es e vou atr\u00e1s de respond\u00ea-las. Acredito que a<strong> educa\u00e7\u00e3o ajuda no combate \u00e0 desinforma\u00e7\u00e3o e na conscientiza\u00e7\u00e3o das pessoas quanto \u00e0 necessidade de agir e se envolver na busca por uma internet melhor, mais transparente, e tecnologias algor\u00edtmicas mais alinhadas ao desenvolvimento social, cultural e cognitivo humano.<\/strong><\/p>\n\n\n\n<p>Tenho uma experi\u00eancia h\u00edbrida em comunica\u00e7\u00e3o digital e educa\u00e7\u00e3o desde 2007, quando trabalhei num projeto de educa\u00e7\u00e3o ambiental e comunica\u00e7\u00e3o digital do British Council. Trabalhei junto a ONGs, startups, empresas privadas e p\u00fablicas. Fui coordenadora de projetos digitais no Jornal O Globo, tendo coordenado a produ\u00e7\u00e3o do site do Acervo digital do jornal. Tenho grande experi\u00eancia em arquitetura de informa\u00e7\u00e3o e UX.<\/p>\n\n\n\n<p><\/p>\n","protected":false},"excerpt":{"rendered":"<p>CAMILA DE PAOLI LEPORACE, PhD Nasci no Rio de Janeiro, sou jornalista pela PUC-Rio (2005) com mestrado (2019) e doutorado em Educa\u00e7\u00e3o (2023) &#8211; titula\u00e7\u00e3o dupla pela Universidade de Coimbra, <a class=\"more-link\" href=\"https:\/\/camilaleporace.com.br\/\">Read More &#8230;<\/a><\/p>\n","protected":false},"author":1,"featured_media":229,"parent":0,"menu_order":0,"comment_status":"closed","ping_status":"open","template":"","meta":{"footnotes":""},"class_list":["post-541","page","type-page","status-publish","has-post-thumbnail","hentry"],"_links":{"self":[{"href":"https:\/\/camilaleporace.com.br\/index.php\/wp-json\/wp\/v2\/pages\/541"}],"collection":[{"href":"https:\/\/camilaleporace.com.br\/index.php\/wp-json\/wp\/v2\/pages"}],"about":[{"href":"https:\/\/camilaleporace.com.br\/index.php\/wp-json\/wp\/v2\/types\/page"}],"author":[{"embeddable":true,"href":"https:\/\/camilaleporace.com.br\/index.php\/wp-json\/wp\/v2\/users\/1"}],"replies":[{"embeddable":true,"href":"https:\/\/camilaleporace.com.br\/index.php\/wp-json\/wp\/v2\/comments?post=541"}],"version-history":[{"count":104,"href":"https:\/\/camilaleporace.com.br\/index.php\/wp-json\/wp\/v2\/pages\/541\/revisions"}],"predecessor-version":[{"id":3232,"href":"https:\/\/camilaleporace.com.br\/index.php\/wp-json\/wp\/v2\/pages\/541\/revisions\/3232"}],"wp:featuredmedia":[{"embeddable":true,"href":"https:\/\/camilaleporace.com.br\/index.php\/wp-json\/"}],"wp:attachment":[{"href":"https:\/\/camilaleporace.com.br\/index.php\/wp-json\/wp\/v2\/media?parent=541"}],"curies":[{"name":"wp","href":"https:\/\/api.w.org\/{rel}","templated":true}]}}