{"id":671,"date":"2018-03-03T12:41:13","date_gmt":"2018-03-03T15:41:13","guid":{"rendered":"http:\/\/www.camilaleporace.com.br\/?page_id=671"},"modified":"2024-05-16T15:27:53","modified_gmt":"2024-05-16T15:27:53","slug":"publicacoes-em-tecnologia","status":"publish","type":"page","link":"https:\/\/camilaleporace.com.br\/index.php\/publicacoes-em-tecnologia\/","title":{"rendered":"Artigos sobre Tecnologia"},"content":{"rendered":"<p class=\"entry-title\"><a href=\"https:\/\/blog.betterimagesofai.org\/how-not-to-communicate-about-ai-in-education\/\" target=\"_blank\" rel=\"noopener\">How not to communicate about AI in education (Better Images of AI \/ 2024)<\/a><\/p>\n<p><a href=\"http:\/\/porvir.org\/jogo-criado-na-ufrgs-promove-aventura-pela-historia-da-quimica\/\" target=\"_blank\" rel=\"noopener noreferrer\">Jogo criado na UFRGS promove aventura pela hist\u00f3ria da qu\u00edmica<\/a>\u00a0(Porvir\/2018)<\/p>\n<p><a href=\"http:\/\/porvir.org\/inteligencia-artificial-museus-querem-se-aproximar-do-visitante\/\" target=\"_blank\" rel=\"noopener noreferrer\">Com intelig\u00eancia artificial, museus querem se aproximar do visitante<\/a> (Porvir\/2018)<\/p>\n<p><a href=\"http:\/\/porvir.org\/barreiras-mundo-real-se-mantem-nas-redes-digitais\/\" target=\"_blank\" rel=\"noopener noreferrer\">Barreiras do mundo real se mant\u00eam nas redes digitais<\/a>\u00a0(Porvir\/2016)<\/p>\n<p><a href=\"http:\/\/porvir.org\/jogo-usa-fundamentos-de-programacao-para-desenvolver-habilidades\/\" target=\"_blank\" rel=\"noopener noreferrer\">Jogo ensina fundamentos de programa\u00e7\u00e3o para desenvolver habilidades<\/a>\u00a0(Porvir\/2016)<\/p>\n<p><a href=\"http:\/\/porvir.org\/aplicativo-holandes-transforma-visita-ao-museu-em-aula-interativa\/\" target=\"_blank\" rel=\"noopener noreferrer\">Aplicativo holand\u00eas transforma visita ao museu em aula interativa<\/a> (Porvir\/2016)<\/p>\n<p><a href=\"http:\/\/porvir.org\/caixas-se-transformam-em-bibliotecas-moveis-espacos-para-uso-de-tecnologia\/\" target=\"_blank\" rel=\"noopener noreferrer\">Caixas se transformam em bibliotecas m\u00f3veis e espa\u00e7os para uso de tecnologia<\/a>\u00a0(Porvir\/2016)<\/p>\n<p class=\"post-chapeu\"><a href=\"http:\/\/opiniaoenoticia.com.br\/vida\/tecnologia\/crowdfunding-uma-multidao-de-possibilidades\/\" target=\"_blank\" rel=\"noopener noreferrer\">Crowdfunding: uma multid\u00e3o de possibilidades &#8211; Novo modelo de neg\u00f3cios na internet abre portas para o financiamento de projetos colaborativos <\/a>(Opini\u00e3o e Not\u00edcia\/2011)<\/p>\n<p class=\"grve-post-simple-title\"><a href=\"http:\/\/www.avantare.com.br\/blog\/clientes-nas-redes-sociais-aliados-em-potencial-0\/\" target=\"_blank\" rel=\"noopener noreferrer\">Clientes nas redes sociais: aliados em potencial<\/a>\u00a0(Blog da Avantare\/2010)<\/p>\n<p><a href=\"http:\/\/opiniaoenoticia.com.br\/vida\/tecnologia\/a-internet-brasileira\/\" target=\"_blank\" rel=\"noopener noreferrer\">A internet brasileira<\/a>\u00a0(Opini\u00e3o e Not\u00edcia\/2009)<\/p>\n<p><a href=\"http:\/\/opiniaoenoticia.com.br\/opiniao\/artigos\/geracao-c\/\" target=\"_blank\" rel=\"noopener noreferrer\">Gera\u00e7\u00e3o C <\/a>(OpinI\u00e3o e Not\u00edcia\/2008)<\/p>\n<p><a href=\"http:\/\/opiniaoenoticia.com.br\/sem-categoria\/o-jornalismo-e-a-revolucao-digital\/\" target=\"_blank\" rel=\"noopener noreferrer\">O jornalismo e a revolu\u00e7\u00e3o digital\u00a0<\/a>(OpinI\u00e3o e Not\u00edcia\/2008)<\/p>\n<p><a href=\"http:\/\/opiniaoenoticia.com.br\/vida\/um-espaco-virtual-onde-tudo-e-possivel\/\" target=\"_blank\" rel=\"noopener noreferrer\">Second Life &#8211; Um espa\u00e7o virtual onde tudo \u00e9 poss\u00edvel<\/a>\u00a0(OpinI\u00e3o e Not\u00edcia\/2007)<\/p>\n<p><a href=\"http:\/\/opiniaoenoticia.com.br\/vida\/facebook-atrai-publico-diferente-do-orkut\/\" target=\"_blank\" rel=\"noopener noreferrer\">Facebook atrai p\u00fablico diferente do Orkut<\/a>\u00a0(OpinI\u00e3o e Not\u00edcia\/2007)<\/p>\n<div class=\"single_title\">\n<p><a href=\"http:\/\/opiniaoenoticia.com.br\/internacional\/google-faz-parceria-com-sprint-nextel-para-entrar-no-mercado-de-comunicacao-sem-fio\/\" target=\"_blank\" rel=\"noopener noreferrer\">Google faz parceria com Sprint Nextel para entrar no mercado de comunica\u00e7\u00e3o sem fio<\/a>\u00a0(Opini\u00e3o e Not\u00edcia\/2007)<\/p>\n<p><a href=\"http:\/\/opiniaoenoticia.com.br\/cultura\/livros\/literatura-em-tempos-de-internet\/\" target=\"_blank\" rel=\"noopener noreferrer\">Literatura em temos de internet<\/a>\u00a0( OpinI\u00e3o e Not\u00edcia\/2007)<\/p>\n<\/div>\n<div class=\"single_title\"><\/div>\n","protected":false},"excerpt":{"rendered":"<p>How not to communicate about AI in education (Better Images of AI \/ 2024) Jogo criado na UFRGS promove aventura pela hist\u00f3ria da qu\u00edmica\u00a0(Porvir\/2018) Com intelig\u00eancia artificial, museus querem se <a class=\"more-link\" href=\"https:\/\/camilaleporace.com.br\/index.php\/publicacoes-em-tecnologia\/\">Read More &#8230;<\/a><\/p>\n","protected":false},"author":1,"featured_media":0,"parent":0,"menu_order":0,"comment_status":"closed","ping_status":"closed","template":"","meta":{"footnotes":""},"class_list":["post-671","page","type-page","status-publish","hentry"],"_links":{"self":[{"href":"https:\/\/camilaleporace.com.br\/index.php\/wp-json\/wp\/v2\/pages\/671"}],"collection":[{"href":"https:\/\/camilaleporace.com.br\/index.php\/wp-json\/wp\/v2\/pages"}],"about":[{"href":"https:\/\/camilaleporace.com.br\/index.php\/wp-json\/wp\/v2\/types\/page"}],"author":[{"embeddable":true,"href":"https:\/\/camilaleporace.com.br\/index.php\/wp-json\/wp\/v2\/users\/1"}],"replies":[{"embeddable":true,"href":"https:\/\/camilaleporace.com.br\/index.php\/wp-json\/wp\/v2\/comments?post=671"}],"version-history":[{"count":7,"href":"https:\/\/camilaleporace.com.br\/index.php\/wp-json\/wp\/v2\/pages\/671\/revisions"}],"predecessor-version":[{"id":2914,"href":"https:\/\/camilaleporace.com.br\/index.php\/wp-json\/wp\/v2\/pages\/671\/revisions\/2914"}],"wp:attachment":[{"href":"https:\/\/camilaleporace.com.br\/index.php\/wp-json\/wp\/v2\/media?parent=671"}],"curies":[{"name":"wp","href":"https:\/\/api.w.org\/{rel}","templated":true}]}}