{"id":895,"date":"2019-03-06T18:16:27","date_gmt":"2019-03-06T21:16:27","guid":{"rendered":"http:\/\/www.camilaleporace.com.br\/?page_id=895"},"modified":"2020-08-06T00:22:12","modified_gmt":"2020-08-06T00:22:12","slug":"projetos","status":"publish","type":"page","link":"https:\/\/camilaleporace.com.br\/index.php\/projetos\/","title":{"rendered":"Projetos que desenvolvo"},"content":{"rendered":"<h3><strong>Conte comigo para:<\/strong><\/h3>\n<ul>\n<li>Projetos que envolvam tecnologias educacionais;<\/li>\n<li>Projetos de pesquisa e inova\u00e7\u00e3o;<\/li>\n<li>Consultoria em e-learning\/plataformas de ensino online;<\/li>\n<li>Consultoria em UX (User Experience), Arquitetura de Informa\u00e7\u00e3o &amp; Acessibilidade de sistemas digitais, especialmente para projetos voltados para educa\u00e7\u00e3o (<a href=\"https:\/\/camilaleporace.com.br\/index.php\/user-experience-e-learning\/\" target=\"_blank\" rel=\"noopener noreferrer\">saiba mais<\/a>);<\/li>\n<li>Projetos multidisciplinares que exijam criatividade, resolu\u00e7\u00e3o de problemas complexos, inova\u00e7\u00e3o, pesquisa, conhecimento em tecnologias digitais;<\/li>\n<li>Projetos que exijam uma produ\u00e7\u00e3o de conte\u00fado eficiente, r\u00e1pida e, ainda assim, criativa, com uma perspectiva inovadora;<\/li>\n<li>Produ\u00e7\u00e3o e edi\u00e7\u00e3o de conte\u00fado (educacional, jornal\u00edstico, institucional, criativo etc.), especialmente se o tema for educa\u00e7\u00e3o e tecnologia<\/li>\n<\/ul>\n<p><a href=\"https:\/\/camilaleporace.com.br\/index.php\/portfolio\/\" target=\"_blank\" rel=\"noopener noreferrer\">Clique aqui e conhe\u00e7a alguns dos projetos que j\u00e1 fiz<\/a><\/p>\n<p><a href=\"https:\/\/camilaleporace.com.br\/index.php\/parceiros\/\" target=\"_blank\" rel=\"noopener noreferrer\">Clique aqui e conhe\u00e7a meus parceiros de trabalho<\/a><\/p>\n<p><strong>Contato: camilaleporace@gmail.com<\/strong><\/p>\n<p>\u00a0<\/p>\n\n\n<figure class=\"wp-block-image\"><img loading=\"lazy\" decoding=\"async\" width=\"1024\" height=\"681\" src=\"https:\/\/camilaleporace.com.br\/wp-content\/uploads\/2020\/07\/dragos-gontariu-Jx9TYoTKCKo-unsplash-1024x681.jpg\" alt=\"\" class=\"wp-image-1328\" srcset=\"https:\/\/camilaleporace.com.br\/wp-content\/uploads\/2020\/07\/dragos-gontariu-Jx9TYoTKCKo-unsplash-1024x681.jpg 1024w, https:\/\/camilaleporace.com.br\/wp-content\/uploads\/2020\/07\/dragos-gontariu-Jx9TYoTKCKo-unsplash-300x199.jpg 300w, https:\/\/camilaleporace.com.br\/wp-content\/uploads\/2020\/07\/dragos-gontariu-Jx9TYoTKCKo-unsplash-768x511.jpg 768w, https:\/\/camilaleporace.com.br\/wp-content\/uploads\/2020\/07\/dragos-gontariu-Jx9TYoTKCKo-unsplash-226x150.jpg 226w\" sizes=\"(max-width: 1024px) 100vw, 1024px\" \/><figcaption>Imagem: <a href=\"https:\/\/unsplash.com\/@dragos126?utm_source=unsplash&amp;utm_medium=referral&amp;utm_content=creditCopyText\">Dragos Gontariu<\/a> @ <a href=\"https:\/\/unsplash.com\/s\/photos\/creativity?utm_source=unsplash&amp;utm_medium=referral&amp;utm_content=creditCopyText\">Unsplash<\/a><\/figcaption><\/figure>\n\n\n\n<p><\/p>\n","protected":false},"excerpt":{"rendered":"<p>Conte comigo para: Projetos que envolvam tecnologias educacionais; Projetos de pesquisa e inova\u00e7\u00e3o; Consultoria em e-learning\/plataformas de ensino online; Consultoria em UX (User Experience), Arquitetura de Informa\u00e7\u00e3o &amp; Acessibilidade de <a class=\"more-link\" href=\"https:\/\/camilaleporace.com.br\/index.php\/projetos\/\">Read More &#8230;<\/a><\/p>\n","protected":false},"author":1,"featured_media":899,"parent":0,"menu_order":0,"comment_status":"closed","ping_status":"closed","template":"","meta":{"footnotes":""},"class_list":["post-895","page","type-page","status-publish","has-post-thumbnail","hentry"],"_links":{"self":[{"href":"https:\/\/camilaleporace.com.br\/index.php\/wp-json\/wp\/v2\/pages\/895"}],"collection":[{"href":"https:\/\/camilaleporace.com.br\/index.php\/wp-json\/wp\/v2\/pages"}],"about":[{"href":"https:\/\/camilaleporace.com.br\/index.php\/wp-json\/wp\/v2\/types\/page"}],"author":[{"embeddable":true,"href":"https:\/\/camilaleporace.com.br\/index.php\/wp-json\/wp\/v2\/users\/1"}],"replies":[{"embeddable":true,"href":"https:\/\/camilaleporace.com.br\/index.php\/wp-json\/wp\/v2\/comments?post=895"}],"version-history":[{"count":29,"href":"https:\/\/camilaleporace.com.br\/index.php\/wp-json\/wp\/v2\/pages\/895\/revisions"}],"predecessor-version":[{"id":1484,"href":"https:\/\/camilaleporace.com.br\/index.php\/wp-json\/wp\/v2\/pages\/895\/revisions\/1484"}],"wp:featuredmedia":[{"embeddable":true,"href":"https:\/\/camilaleporace.com.br\/index.php\/wp-json\/"}],"wp:attachment":[{"href":"https:\/\/camilaleporace.com.br\/index.php\/wp-json\/wp\/v2\/media?parent=895"}],"curies":[{"name":"wp","href":"https:\/\/api.w.org\/{rel}","templated":true}]}}