{"id":956,"date":"2019-08-19T14:38:34","date_gmt":"2019-08-19T17:38:34","guid":{"rendered":"http:\/\/www.camilaleporace.com.br\/?page_id=956"},"modified":"2020-07-23T00:11:04","modified_gmt":"2020-07-23T00:11:04","slug":"user-experience-e-learning","status":"publish","type":"page","link":"https:\/\/camilaleporace.com.br\/index.php\/user-experience-e-learning\/","title":{"rendered":"User Experience &#038; eLearning"},"content":{"rendered":"<p>Como anda a experi\u00eancia dos alunos do seu curso online\/projeto de e-learning? Eles est\u00e3o conseguindo encontrar, com facilidade, o conte\u00fado que desejam? Quais os caminhos que percorrem enquanto realizam suas atividades no ambiente virtual de aprendizagem? Ao realizar avalia\u00e7\u00f5es online, eles se sentem seguros com rela\u00e7\u00e3o \u00e0s ferramentas digitais utilizadas no processo? Quais as respostas que voc\u00ea recebe por meio das m\u00e9tricas do seu projeto que contribuem para que voc\u00ea avalie a qualidade da experi\u00eancia de aprendizagem que seu curso online tem proporcionado aos alunos?<\/p>\n<p>Essas s\u00e3o algumas das perguntas que o meu trabalho em consultoria em User Experience para projetos de ensino online\/e-learning procura responder, por meio da investiga\u00e7\u00e3o e avalia\u00e7\u00e3o do ambiente e do material utilizado, m\u00e9tricas de uso (analytics data) e pesquisa qualitativa.<\/p>\n<p>Contato: camilaleporace@gmail.com<\/p>\n\n\n<figure class=\"wp-block-image\"><img loading=\"lazy\" decoding=\"async\" width=\"1024\" height=\"683\" src=\"https:\/\/camilaleporace.com.br\/wp-content\/uploads\/2020\/07\/kelly-sikkema-gcHFXsdcmJE-unsplash-1024x683.jpg\" alt=\"\" class=\"wp-image-1326\" srcset=\"https:\/\/camilaleporace.com.br\/wp-content\/uploads\/2020\/07\/kelly-sikkema-gcHFXsdcmJE-unsplash-1024x683.jpg 1024w, https:\/\/camilaleporace.com.br\/wp-content\/uploads\/2020\/07\/kelly-sikkema-gcHFXsdcmJE-unsplash-300x200.jpg 300w, https:\/\/camilaleporace.com.br\/wp-content\/uploads\/2020\/07\/kelly-sikkema-gcHFXsdcmJE-unsplash-768x512.jpg 768w, https:\/\/camilaleporace.com.br\/wp-content\/uploads\/2020\/07\/kelly-sikkema-gcHFXsdcmJE-unsplash-225x150.jpg 225w\" sizes=\"(max-width: 1024px) 100vw, 1024px\" \/><figcaption>Imagem: <a href=\"https:\/\/unsplash.com\/@kellysikkema?utm_source=unsplash&amp;utm_medium=referral&amp;utm_content=creditCopyText\">Kelly Sikkema<\/a> @ <a href=\"https:\/\/unsplash.com\/s\/photos\/wireframe?utm_source=unsplash&amp;utm_medium=referral&amp;utm_content=creditCopyText\">Unsplash<\/a><\/figcaption><\/figure>\n","protected":false},"excerpt":{"rendered":"<p>Como anda a experi\u00eancia dos alunos do seu curso online\/projeto de e-learning? Eles est\u00e3o conseguindo encontrar, com facilidade, o conte\u00fado que desejam? Quais os caminhos que percorrem enquanto realizam suas <a class=\"more-link\" href=\"https:\/\/camilaleporace.com.br\/index.php\/user-experience-e-learning\/\">Read More &#8230;<\/a><\/p>\n","protected":false},"author":1,"featured_media":0,"parent":0,"menu_order":0,"comment_status":"closed","ping_status":"closed","template":"","meta":{"footnotes":""},"class_list":["post-956","page","type-page","status-publish","hentry"],"_links":{"self":[{"href":"https:\/\/camilaleporace.com.br\/index.php\/wp-json\/wp\/v2\/pages\/956"}],"collection":[{"href":"https:\/\/camilaleporace.com.br\/index.php\/wp-json\/wp\/v2\/pages"}],"about":[{"href":"https:\/\/camilaleporace.com.br\/index.php\/wp-json\/wp\/v2\/types\/page"}],"author":[{"embeddable":true,"href":"https:\/\/camilaleporace.com.br\/index.php\/wp-json\/wp\/v2\/users\/1"}],"replies":[{"embeddable":true,"href":"https:\/\/camilaleporace.com.br\/index.php\/wp-json\/wp\/v2\/comments?post=956"}],"version-history":[{"count":4,"href":"https:\/\/camilaleporace.com.br\/index.php\/wp-json\/wp\/v2\/pages\/956\/revisions"}],"predecessor-version":[{"id":1327,"href":"https:\/\/camilaleporace.com.br\/index.php\/wp-json\/wp\/v2\/pages\/956\/revisions\/1327"}],"wp:attachment":[{"href":"https:\/\/camilaleporace.com.br\/index.php\/wp-json\/wp\/v2\/media?parent=956"}],"curies":[{"name":"wp","href":"https:\/\/api.w.org\/{rel}","templated":true}]}}